{"id":1569,"date":"2025-09-16T11:21:31","date_gmt":"2025-09-16T10:21:31","guid":{"rendered":"https:\/\/safe2sky.eu\/icao-angol\/"},"modified":"2025-12-09T15:27:19","modified_gmt":"2025-12-09T14:27:19","slug":"icao-angol","status":"publish","type":"page","link":"https:\/\/safe2sky.eu\/hu\/icao-angol\/","title":{"rendered":"ICAO ANGOL"},"content":{"rendered":"\t\t<div data-elementor-type=\"wp-page\" data-elementor-id=\"1569\" class=\"elementor elementor-1569 elementor-1432\" data-elementor-post-type=\"page\">\n\t\t\t\t<div class=\"elementor-element elementor-element-7295713 e-flex e-con-boxed e-con e-parent\" data-id=\"7295713\" data-element_type=\"container\" data-e-type=\"container\" data-settings=\"{&quot;background_background&quot;:&quot;video&quot;,&quot;background_video_link&quot;:&quot;https:\\\/\\\/safe2sky.eu\\\/wp-content\\\/uploads\\\/2025\\\/09\\\/video_training_slideshow_b224e42f94.mp4&quot;}\">\n\t\t\t\t\t<div class=\"e-con-inner\">\n\t\t<div class=\"elementor-background-video-container elementor-hidden-mobile\">\n\t\t\t\t\t\t\t<video class=\"elementor-background-video-hosted\" role=\"presentation\" autoplay muted playsinline loop><\/video>\n\t\t\t\t\t<\/div><div class=\"elementor-element elementor-element-7d0a719 e-con-full e-flex e-con e-child\" data-id=\"7d0a719\" data-element_type=\"container\" data-e-type=\"container\" data-settings=\"{&quot;background_background&quot;:&quot;classic&quot;}\">\n\t\t<div class=\"elementor-element elementor-element-77be74f e-con-full e-flex e-con e-child\" data-id=\"77be74f\" data-element_type=\"container\" data-e-type=\"container\">\n\t\t\t\t<div class=\"elementor-element elementor-element-3a848e6 elementor-widget elementor-widget-heading\" data-id=\"3a848e6\" data-element_type=\"widget\" data-e-type=\"widget\" data-widget_type=\"heading.default\">\n\t\t\t\t<div class=\"elementor-widget-container\">\n\t\t\t\t\t<h1 class=\"elementor-heading-title elementor-size-default\">ICAO ANGOL<\/h1>\t\t\t\t<\/div>\n\t\t\t\t<\/div>\n\t\t\t\t<\/div>\n\t\t<div class=\"elementor-element elementor-element-66c018d e-con-full e-flex e-con e-child\" data-id=\"66c018d\" data-element_type=\"container\" data-e-type=\"container\" data-settings=\"{&quot;background_background&quot;:&quot;classic&quot;}\">\n\t\t\t\t<\/div>\n\t\t\t\t<\/div>\n\t\t\t\t\t<\/div>\n\t\t\t\t<\/div>\n\t\t<div class=\"elementor-element elementor-element-1e859a4 e-flex e-con-boxed e-con e-parent\" data-id=\"1e859a4\" data-element_type=\"container\" data-e-type=\"container\">\n\t\t\t\t\t<div class=\"e-con-inner\">\n\t\t<div class=\"elementor-element elementor-element-a1d0bc2 e-con-full e-flex e-con e-child\" data-id=\"a1d0bc2\" data-element_type=\"container\" data-e-type=\"container\">\n\t\t<div class=\"elementor-element elementor-element-885da63 e-con-full e-flex e-con e-child\" data-id=\"885da63\" data-element_type=\"container\" data-e-type=\"container\">\n\t\t\t\t<div class=\"elementor-element elementor-element-1b6723e elementor-widget elementor-widget-spacer\" data-id=\"1b6723e\" data-element_type=\"widget\" data-e-type=\"widget\" data-widget_type=\"spacer.default\">\n\t\t\t\t<div class=\"elementor-widget-container\">\n\t\t\t\t\t\t\t<div class=\"elementor-spacer\">\n\t\t\t<div class=\"elementor-spacer-inner\"><\/div>\n\t\t<\/div>\n\t\t\t\t\t\t<\/div>\n\t\t\t\t<\/div>\n\t\t\t\t<div class=\"elementor-element elementor-element-0203c76 elementor-widget__width-initial elementor-widget-mobile__width-inherit elementor-widget elementor-widget-heading\" data-id=\"0203c76\" data-element_type=\"widget\" data-e-type=\"widget\" data-widget_type=\"heading.default\">\n\t\t\t\t<div class=\"elementor-widget-container\">\n\t\t\t\t\t<h2 class=\"elementor-heading-title elementor-size-default\">Az ICAO EN vizsga tartalma<\/h2>\t\t\t\t<\/div>\n\t\t\t\t<\/div>\n\t\t\t\t<div class=\"elementor-element elementor-element-cb2057e elementor-widget elementor-widget-spacer\" data-id=\"cb2057e\" data-element_type=\"widget\" data-e-type=\"widget\" data-widget_type=\"spacer.default\">\n\t\t\t\t<div class=\"elementor-widget-container\">\n\t\t\t\t\t\t\t<div class=\"elementor-spacer\">\n\t\t\t<div class=\"elementor-spacer-inner\"><\/div>\n\t\t<\/div>\n\t\t\t\t\t\t<\/div>\n\t\t\t\t<\/div>\n\t\t\t\t<div class=\"elementor-element elementor-element-5e95b89 elementor-widget elementor-widget-text-editor\" data-id=\"5e95b89\" data-element_type=\"widget\" data-e-type=\"widget\" data-widget_type=\"text-editor.default\">\n\t\t\t\t<div class=\"elementor-widget-container\">\n\t\t\t\t\t\t\t\t\t<ul><li>Besz\u00e9lget\u00e9s \u00e1ltal\u00e1nos t\u00e9m\u00e1r\u00f3l<\/li><li>Szakmai kifejez\u00e9sek magyar\u00e1zata<\/li><li>R\u00f6vid\u00edt\u00e9sek \u00e9s sz\u00e1mok olvas\u00e1sa rep\u00fcl\u00e9si frazeol\u00f3gia haszn\u00e1lat\u00e1val<\/li><li>\u00dczenet dek\u00f3dol\u00e1sa: METAR, TAF vagy NOTAM<\/li><li>Rep\u00fcl\u00e9si t\u00e9m\u00e1j\u00fa k\u00e9p elemz\u00e9se \u00e9s le\u00edr\u00e1sa<\/li><li>ATIS \u00fczenet meghallgat\u00e1sa \u00e9s dek\u00f3dol\u00e1sa<\/li><li>Kommunik\u00e1ci\u00f3 az ATC-vel szimul\u00e1lt rep\u00fcl\u00e9s sor\u00e1n, forgat\u00f3k\u00f6nyv alapj\u00e1n<\/li><\/ul>\t\t\t\t\t\t\t\t<\/div>\n\t\t\t\t<\/div>\n\t\t\t\t<div class=\"elementor-element elementor-element-cf269ce elementor-widget elementor-widget-spacer\" data-id=\"cf269ce\" data-element_type=\"widget\" data-e-type=\"widget\" data-widget_type=\"spacer.default\">\n\t\t\t\t<div class=\"elementor-widget-container\">\n\t\t\t\t\t\t\t<div class=\"elementor-spacer\">\n\t\t\t<div class=\"elementor-spacer-inner\"><\/div>\n\t\t<\/div>\n\t\t\t\t\t\t<\/div>\n\t\t\t\t<\/div>\n\t\t\t\t<div class=\"elementor-element elementor-element-2491b00 elementor-widget__width-initial elementor-widget-mobile__width-inherit elementor-widget elementor-widget-heading\" data-id=\"2491b00\" data-element_type=\"widget\" data-e-type=\"widget\" data-widget_type=\"heading.default\">\n\t\t\t\t<div class=\"elementor-widget-container\">\n\t\t\t\t\t<h2 class=\"elementor-heading-title elementor-size-default\">\u00c9rt\u00e9kelt ter\u00fcletek<\/h2>\t\t\t\t<\/div>\n\t\t\t\t<\/div>\n\t\t\t\t<div class=\"elementor-element elementor-element-ad51e6f elementor-widget elementor-widget-spacer\" data-id=\"ad51e6f\" data-element_type=\"widget\" data-e-type=\"widget\" data-widget_type=\"spacer.default\">\n\t\t\t\t<div class=\"elementor-widget-container\">\n\t\t\t\t\t\t\t<div class=\"elementor-spacer\">\n\t\t\t<div class=\"elementor-spacer-inner\"><\/div>\n\t\t<\/div>\n\t\t\t\t\t\t<\/div>\n\t\t\t\t<\/div>\n\t\t\t\t<div class=\"elementor-element elementor-element-f4eafa1 elementor-widget elementor-widget-text-editor\" data-id=\"f4eafa1\" data-element_type=\"widget\" data-e-type=\"widget\" data-widget_type=\"text-editor.default\">\n\t\t\t\t<div class=\"elementor-widget-container\">\n\t\t\t\t\t\t\t\t\t<p style=\"text-align: left;\">A vizsg\u00e1ztat\u00f3k a nyelvi felm\u00e9r\u00e9s sor\u00e1n hat nyelvi ter\u00fcleten \u00e9rt\u00e9kelik a szintet:<\/p><ul><li>kiejt\u00e9s<\/li><li>nyelvtan \u00e9s mondatszerkezet<\/li><li>sz\u00f3kincs<\/li><li>besz\u00e9d foly\u00e9konys\u00e1ga<\/li><li>meg\u00e9rt\u00e9s<\/li><li>interakci\u00f3<\/li><\/ul><p>Minden ter\u00fcletet 1-t\u0151l 6-ig terjed\u0151 szinten \u00e9rt\u00e9kelnek. <strong>Az \u00f6sszes nyelvi ter\u00fclet k\u00f6z\u00fcl a legalacsonyabb \u00e9rt\u00e9k<\/strong> a teljes felm\u00e9r\u00e9s v\u00e9gs\u0151 eredm\u00e9nye &#8211; ICAO angol szint.<\/p>\t\t\t\t\t\t\t\t<\/div>\n\t\t\t\t<\/div>\n\t\t\t\t<div class=\"elementor-element elementor-element-bbbaf0f elementor-widget elementor-widget-spacer\" data-id=\"bbbaf0f\" data-element_type=\"widget\" data-e-type=\"widget\" data-widget_type=\"spacer.default\">\n\t\t\t\t<div class=\"elementor-widget-container\">\n\t\t\t\t\t\t\t<div class=\"elementor-spacer\">\n\t\t\t<div class=\"elementor-spacer-inner\"><\/div>\n\t\t<\/div>\n\t\t\t\t\t\t<\/div>\n\t\t\t\t<\/div>\n\t\t\t\t<div class=\"elementor-element elementor-element-3711d39 elementor-widget elementor-widget-spacer\" data-id=\"3711d39\" data-element_type=\"widget\" data-e-type=\"widget\" data-widget_type=\"spacer.default\">\n\t\t\t\t<div class=\"elementor-widget-container\">\n\t\t\t\t\t\t\t<div class=\"elementor-spacer\">\n\t\t\t<div class=\"elementor-spacer-inner\"><\/div>\n\t\t<\/div>\n\t\t\t\t\t\t<\/div>\n\t\t\t\t<\/div>\n\t\t\t\t<div class=\"elementor-element elementor-element-91019e2 elementor-widget__width-initial elementor-widget-mobile__width-inherit elementor-widget elementor-widget-heading\" data-id=\"91019e2\" data-element_type=\"widget\" data-e-type=\"widget\" data-widget_type=\"heading.default\">\n\t\t\t\t<div class=\"elementor-widget-container\">\n\t\t\t\t\t<h2 class=\"elementor-heading-title elementor-size-default\">Az ICAO EN vizsga szintjei \u00e9s \u00e9rv\u00e9nyess\u00e9ge<\/h2>\t\t\t\t<\/div>\n\t\t\t\t<\/div>\n\t\t\t\t<div class=\"elementor-element elementor-element-3f05328 elementor-widget elementor-widget-spacer\" data-id=\"3f05328\" data-element_type=\"widget\" data-e-type=\"widget\" data-widget_type=\"spacer.default\">\n\t\t\t\t<div class=\"elementor-widget-container\">\n\t\t\t\t\t\t\t<div class=\"elementor-spacer\">\n\t\t\t<div class=\"elementor-spacer-inner\"><\/div>\n\t\t<\/div>\n\t\t\t\t\t\t<\/div>\n\t\t\t\t<\/div>\n\t\t\t\t<div class=\"elementor-element elementor-element-8a38547 elementor-widget elementor-widget-text-editor\" data-id=\"8a38547\" data-element_type=\"widget\" data-e-type=\"widget\" data-widget_type=\"text-editor.default\">\n\t\t\t\t<div class=\"elementor-widget-container\">\n\t\t\t\t\t\t\t\t\t<p>ICAO 4. szint &#8211; <strong>Operational Level<\/strong> \u2013 4 \u00e9vig \u00e9rv\u00e9nyes <u>(minim\u00e1lis \u00fczemi szint\u0171 nyelvtud\u00e1s)<\/u><\/p><p>ICAO 5. szint \u2013 <strong>Extended Level<\/strong> \u2013 6 \u00e9vig \u00e9rv\u00e9nyes<\/p><p>ICAO 6. szint \u2013 <strong>Expert Level <\/strong>\u2013 korl\u00e1tlan \u00e9rv\u00e9nyess\u00e9g (lej\u00e1rat n\u00e9lk\u00fcl)<\/p>\t\t\t\t\t\t\t\t<\/div>\n\t\t\t\t<\/div>\n\t\t\t\t<\/div>\n\t\t\t\t<\/div>\n\t\t\t\t\t<\/div>\n\t\t\t\t<\/div>\n\t\t<div class=\"elementor-element elementor-element-57d1927 e-flex e-con-boxed e-con e-parent\" data-id=\"57d1927\" data-element_type=\"container\" data-e-type=\"container\">\n\t\t\t\t\t<div class=\"e-con-inner\">\n\t\t\t\t<div class=\"elementor-element elementor-element-25c8c1e elementor-widget elementor-widget-spacer\" data-id=\"25c8c1e\" data-element_type=\"widget\" data-e-type=\"widget\" data-widget_type=\"spacer.default\">\n\t\t\t\t<div class=\"elementor-widget-container\">\n\t\t\t\t\t\t\t<div class=\"elementor-spacer\">\n\t\t\t<div class=\"elementor-spacer-inner\"><\/div>\n\t\t<\/div>\n\t\t\t\t\t\t<\/div>\n\t\t\t\t<\/div>\n\t\t\t\t<div class=\"elementor-element elementor-element-479aa88 elementor-widget elementor-widget-image\" data-id=\"479aa88\" data-element_type=\"widget\" data-e-type=\"widget\" data-widget_type=\"image.default\">\n\t\t\t\t<div class=\"elementor-widget-container\">\n\t\t\t\t\t\t\t\t\t\t\t\t\t\t\t<img fetchpriority=\"high\" decoding=\"async\" width=\"520\" height=\"736\" src=\"https:\/\/safe2sky.eu\/wp-content\/uploads\/2025\/09\/ICAO_certifikat2_37a762ca47.png\" class=\"attachment-large size-large wp-image-1555\" alt=\"\" srcset=\"https:\/\/safe2sky.eu\/wp-content\/uploads\/2025\/09\/ICAO_certifikat2_37a762ca47.png 520w, https:\/\/safe2sky.eu\/wp-content\/uploads\/2025\/09\/ICAO_certifikat2_37a762ca47-212x300.png 212w\" sizes=\"(max-width: 520px) 100vw, 520px\" \/>\t\t\t\t\t\t\t\t\t\t\t\t\t\t\t<\/div>\n\t\t\t\t<\/div>\n\t\t\t\t<div class=\"elementor-element elementor-element-44c78d3 elementor-widget elementor-widget-spacer\" data-id=\"44c78d3\" data-element_type=\"widget\" data-e-type=\"widget\" data-widget_type=\"spacer.default\">\n\t\t\t\t<div class=\"elementor-widget-container\">\n\t\t\t\t\t\t\t<div class=\"elementor-spacer\">\n\t\t\t<div class=\"elementor-spacer-inner\"><\/div>\n\t\t<\/div>\n\t\t\t\t\t\t<\/div>\n\t\t\t\t<\/div>\n\t\t\t\t<div class=\"elementor-element elementor-element-15965e4 elementor-widget elementor-widget-spacer\" data-id=\"15965e4\" data-element_type=\"widget\" data-e-type=\"widget\" data-widget_type=\"spacer.default\">\n\t\t\t\t<div class=\"elementor-widget-container\">\n\t\t\t\t\t\t\t<div class=\"elementor-spacer\">\n\t\t\t<div class=\"elementor-spacer-inner\"><\/div>\n\t\t<\/div>\n\t\t\t\t\t\t<\/div>\n\t\t\t\t<\/div>\n\t\t\t\t\t<\/div>\n\t\t\t\t<\/div>\n\t\t\t\t<\/div>\n\t\t","protected":false},"excerpt":{"rendered":"<p>ICAO ANGOL Az ICAO EN vizsga tartalma Besz\u00e9lget\u00e9s \u00e1ltal\u00e1nos t\u00e9m\u00e1r\u00f3l Szakmai kifejez\u00e9sek magyar\u00e1zata R\u00f6vid\u00edt\u00e9sek \u00e9s sz\u00e1mok olvas\u00e1sa rep\u00fcl\u00e9si frazeol\u00f3gia haszn\u00e1lat\u00e1val [&hellip;]<\/p>\n","protected":false},"author":1,"featured_media":0,"parent":0,"menu_order":0,"comment_status":"closed","ping_status":"closed","template":"","meta":{"site-sidebar-layout":"no-sidebar","site-content-layout":"","ast-site-content-layout":"full-width-container","site-content-style":"default","site-sidebar-style":"default","ast-global-header-display":"","ast-banner-title-visibility":"","ast-main-header-display":"","ast-hfb-above-header-display":"","ast-hfb-below-header-display":"","ast-hfb-mobile-header-display":"","site-post-title":"disabled","ast-breadcrumbs-content":"","ast-featured-img":"disabled","footer-sml-layout":"","theme-transparent-header-meta":"default","adv-header-id-meta":"","stick-header-meta":"","header-above-stick-meta":"","header-main-stick-meta":"","header-below-stick-meta":"","astra-migrate-meta-layouts":"set","ast-page-background-enabled":"default","ast-page-background-meta":{"desktop":{"background-color":"var(--ast-global-color-5)","background-image":"","background-repeat":"repeat","background-position":"center center","background-size":"auto","background-attachment":"scroll","background-type":"","background-media":"","overlay-type":"","overlay-color":"","overlay-opacity":"","overlay-gradient":""},"tablet":{"background-color":"","background-image":"","background-repeat":"repeat","background-position":"center center","background-size":"auto","background-attachment":"scroll","background-type":"","background-media":"","overlay-type":"","overlay-color":"","overlay-opacity":"","overlay-gradient":""},"mobile":{"background-color":"","background-image":"","background-repeat":"repeat","background-position":"center center","background-size":"auto","background-attachment":"scroll","background-type":"","background-media":"","overlay-type":"","overlay-color":"","overlay-opacity":"","overlay-gradient":""}},"ast-content-background-meta":{"desktop":{"background-color":"var(--ast-global-color-4)","background-image":"","background-repeat":"repeat","background-position":"center center","background-size":"auto","background-attachment":"scroll","background-type":"","background-media":"","overlay-type":"","overlay-color":"","overlay-opacity":"","overlay-gradient":""},"tablet":{"background-color":"var(--ast-global-color-4)","background-image":"","background-repeat":"repeat","background-position":"center center","background-size":"auto","background-attachment":"scroll","background-type":"","background-media":"","overlay-type":"","overlay-color":"","overlay-opacity":"","overlay-gradient":""},"mobile":{"background-color":"var(--ast-global-color-4)","background-image":"","background-repeat":"repeat","background-position":"center center","background-size":"auto","background-attachment":"scroll","background-type":"","background-media":"","overlay-type":"","overlay-color":"","overlay-opacity":"","overlay-gradient":""}},"footnotes":""},"class_list":["post-1569","page","type-page","status-publish","hentry"],"yoast_head":"<!-- This site is optimized with the Yoast SEO plugin v27.2 - https:\/\/yoast.com\/product\/yoast-seo-wordpress\/ -->\n<title>ICAO l\u00e9giforgalmi angol | Speci\u00e1lis pil\u00f3tak\u00e9pz\u00e9s pil\u00f3t\u00e1knak<\/title>\n<meta name=\"description\" content=\"K\u00e9sz\u00fclj\u00f6n fel az ICAO vizsg\u00e1kra a Safe2Sky Training angol tanfolyamain. Szerezze meg a nemzetk\u00f6zi l\u00e9gik\u00f6zleked\u00e9si kommunik\u00e1ci\u00f3hoz sz\u00fcks\u00e9ges k\u00e9pes\u00edt\u00e9seket az ipar\u00e1g szakembereivel.\" \/>\n<meta name=\"robots\" content=\"index, follow, max-snippet:-1, max-image-preview:large, max-video-preview:-1\" \/>\n<link rel=\"canonical\" href=\"https:\/\/safe2sky.eu\/hu\/icao-angol\/\" \/>\n<meta property=\"og:locale\" content=\"hu_HU\" \/>\n<meta property=\"og:type\" content=\"article\" \/>\n<meta property=\"og:title\" content=\"ICAO l\u00e9giforgalmi angol | Speci\u00e1lis pil\u00f3tak\u00e9pz\u00e9s pil\u00f3t\u00e1knak\" \/>\n<meta property=\"og:description\" content=\"K\u00e9sz\u00fclj\u00f6n fel az ICAO vizsg\u00e1kra a Safe2Sky Training angol tanfolyamain. Szerezze meg a nemzetk\u00f6zi l\u00e9gik\u00f6zleked\u00e9si kommunik\u00e1ci\u00f3hoz sz\u00fcks\u00e9ges k\u00e9pes\u00edt\u00e9seket az ipar\u00e1g szakembereivel.\" \/>\n<meta property=\"og:url\" content=\"https:\/\/safe2sky.eu\/hu\/icao-angol\/\" \/>\n<meta property=\"og:site_name\" content=\"Pilotn\u00ed \u0161kola | Safe2Sky Training | Leteck\u00fd v\u00fdcvik\" \/>\n<meta property=\"article:modified_time\" content=\"2025-12-09T14:27:19+00:00\" \/>\n<meta property=\"og:image\" content=\"https:\/\/safe2sky.eu\/wp-content\/uploads\/2025\/09\/ICAO_certifikat2_37a762ca47.png\" \/>\n\t<meta property=\"og:image:width\" content=\"520\" \/>\n\t<meta property=\"og:image:height\" content=\"736\" \/>\n\t<meta property=\"og:image:type\" content=\"image\/png\" \/>\n<meta name=\"twitter:card\" content=\"summary_large_image\" \/>\n<meta name=\"twitter:label1\" content=\"Becs\u00fclt olvas\u00e1si id\u0151\" \/>\n\t<meta name=\"twitter:data1\" content=\"1 perc\" \/>\n<script type=\"application\/ld+json\" class=\"yoast-schema-graph\">{\"@context\":\"https:\/\/schema.org\",\"@graph\":[{\"@type\":\"WebPage\",\"@id\":\"https:\/\/safe2sky.eu\/hu\/icao-angol\/\",\"url\":\"https:\/\/safe2sky.eu\/hu\/icao-angol\/\",\"name\":\"ICAO l\u00e9giforgalmi angol | Speci\u00e1lis pil\u00f3tak\u00e9pz\u00e9s pil\u00f3t\u00e1knak\",\"isPartOf\":{\"@id\":\"https:\/\/safe2sky.eu\/hu\/#website\"},\"primaryImageOfPage\":{\"@id\":\"https:\/\/safe2sky.eu\/hu\/icao-angol\/#primaryimage\"},\"image\":{\"@id\":\"https:\/\/safe2sky.eu\/hu\/icao-angol\/#primaryimage\"},\"thumbnailUrl\":\"https:\/\/safe2sky.eu\/wp-content\/uploads\/2025\/09\/ICAO_certifikat2_37a762ca47.png\",\"datePublished\":\"2025-09-16T10:21:31+00:00\",\"dateModified\":\"2025-12-09T14:27:19+00:00\",\"description\":\"K\u00e9sz\u00fclj\u00f6n fel az ICAO vizsg\u00e1kra a Safe2Sky Training angol tanfolyamain. Szerezze meg a nemzetk\u00f6zi l\u00e9gik\u00f6zleked\u00e9si kommunik\u00e1ci\u00f3hoz sz\u00fcks\u00e9ges k\u00e9pes\u00edt\u00e9seket az ipar\u00e1g szakembereivel.\",\"breadcrumb\":{\"@id\":\"https:\/\/safe2sky.eu\/hu\/icao-angol\/#breadcrumb\"},\"inLanguage\":\"hu\",\"potentialAction\":[{\"@type\":\"ReadAction\",\"target\":[\"https:\/\/safe2sky.eu\/hu\/icao-angol\/\"]}]},{\"@type\":\"ImageObject\",\"inLanguage\":\"hu\",\"@id\":\"https:\/\/safe2sky.eu\/hu\/icao-angol\/#primaryimage\",\"url\":\"https:\/\/safe2sky.eu\/wp-content\/uploads\/2025\/09\/ICAO_certifikat2_37a762ca47.png\",\"contentUrl\":\"https:\/\/safe2sky.eu\/wp-content\/uploads\/2025\/09\/ICAO_certifikat2_37a762ca47.png\"},{\"@type\":\"BreadcrumbList\",\"@id\":\"https:\/\/safe2sky.eu\/hu\/icao-angol\/#breadcrumb\",\"itemListElement\":[{\"@type\":\"ListItem\",\"position\":1,\"name\":\"Dom\u016f\",\"item\":\"https:\/\/safe2sky.eu\/hu\/\"},{\"@type\":\"ListItem\",\"position\":2,\"name\":\"ICAO ANGOL\"}]},{\"@type\":\"WebSite\",\"@id\":\"https:\/\/safe2sky.eu\/hu\/#website\",\"url\":\"https:\/\/safe2sky.eu\/hu\/\",\"name\":\"Safe2Sky\",\"description\":\"Safe2Sky Training Center \u2013 profesion\u00e1ln\u00ed pilotn\u00ed \u0161kola zam\u011b\u0159en\u00e1 na kvalitn\u00ed leteck\u00fd v\u00fdcvik a individu\u00e1ln\u00ed p\u0159\u00edstup. Nau\u010dte se pilotovat Cirrus od odborn\u00edk\u016f.\",\"publisher\":{\"@id\":\"https:\/\/safe2sky.eu\/hu\/#organization\"},\"potentialAction\":[{\"@type\":\"SearchAction\",\"target\":{\"@type\":\"EntryPoint\",\"urlTemplate\":\"https:\/\/safe2sky.eu\/hu\/?s={search_term_string}\"},\"query-input\":{\"@type\":\"PropertyValueSpecification\",\"valueRequired\":true,\"valueName\":\"search_term_string\"}}],\"inLanguage\":\"hu\"},{\"@type\":\"Organization\",\"@id\":\"https:\/\/safe2sky.eu\/hu\/#organization\",\"name\":\"Safe2Sky\",\"url\":\"https:\/\/safe2sky.eu\/hu\/\",\"logo\":{\"@type\":\"ImageObject\",\"inLanguage\":\"hu\",\"@id\":\"https:\/\/safe2sky.eu\/hu\/#\/schema\/logo\/image\/\",\"url\":\"https:\/\/safe2sky.eu\/wp-content\/uploads\/2025\/08\/image-3320.png\",\"contentUrl\":\"https:\/\/safe2sky.eu\/wp-content\/uploads\/2025\/08\/image-3320.png\",\"width\":563,\"height\":137,\"caption\":\"Safe2Sky\"},\"image\":{\"@id\":\"https:\/\/safe2sky.eu\/hu\/#\/schema\/logo\/image\/\"}}]}<\/script>\n<!-- \/ Yoast SEO plugin. -->","yoast_head_json":{"title":"ICAO l\u00e9giforgalmi angol | Speci\u00e1lis pil\u00f3tak\u00e9pz\u00e9s pil\u00f3t\u00e1knak","description":"K\u00e9sz\u00fclj\u00f6n fel az ICAO vizsg\u00e1kra a Safe2Sky Training angol tanfolyamain. Szerezze meg a nemzetk\u00f6zi l\u00e9gik\u00f6zleked\u00e9si kommunik\u00e1ci\u00f3hoz sz\u00fcks\u00e9ges k\u00e9pes\u00edt\u00e9seket az ipar\u00e1g szakembereivel.","robots":{"index":"index","follow":"follow","max-snippet":"max-snippet:-1","max-image-preview":"max-image-preview:large","max-video-preview":"max-video-preview:-1"},"canonical":"https:\/\/safe2sky.eu\/hu\/icao-angol\/","og_locale":"hu_HU","og_type":"article","og_title":"ICAO l\u00e9giforgalmi angol | Speci\u00e1lis pil\u00f3tak\u00e9pz\u00e9s pil\u00f3t\u00e1knak","og_description":"K\u00e9sz\u00fclj\u00f6n fel az ICAO vizsg\u00e1kra a Safe2Sky Training angol tanfolyamain. Szerezze meg a nemzetk\u00f6zi l\u00e9gik\u00f6zleked\u00e9si kommunik\u00e1ci\u00f3hoz sz\u00fcks\u00e9ges k\u00e9pes\u00edt\u00e9seket az ipar\u00e1g szakembereivel.","og_url":"https:\/\/safe2sky.eu\/hu\/icao-angol\/","og_site_name":"Pilotn\u00ed \u0161kola | Safe2Sky Training | Leteck\u00fd v\u00fdcvik","article_modified_time":"2025-12-09T14:27:19+00:00","og_image":[{"width":520,"height":736,"url":"https:\/\/safe2sky.eu\/wp-content\/uploads\/2025\/09\/ICAO_certifikat2_37a762ca47.png","type":"image\/png"}],"twitter_card":"summary_large_image","twitter_misc":{"Becs\u00fclt olvas\u00e1si id\u0151":"1 perc"},"schema":{"@context":"https:\/\/schema.org","@graph":[{"@type":"WebPage","@id":"https:\/\/safe2sky.eu\/hu\/icao-angol\/","url":"https:\/\/safe2sky.eu\/hu\/icao-angol\/","name":"ICAO l\u00e9giforgalmi angol | Speci\u00e1lis pil\u00f3tak\u00e9pz\u00e9s pil\u00f3t\u00e1knak","isPartOf":{"@id":"https:\/\/safe2sky.eu\/hu\/#website"},"primaryImageOfPage":{"@id":"https:\/\/safe2sky.eu\/hu\/icao-angol\/#primaryimage"},"image":{"@id":"https:\/\/safe2sky.eu\/hu\/icao-angol\/#primaryimage"},"thumbnailUrl":"https:\/\/safe2sky.eu\/wp-content\/uploads\/2025\/09\/ICAO_certifikat2_37a762ca47.png","datePublished":"2025-09-16T10:21:31+00:00","dateModified":"2025-12-09T14:27:19+00:00","description":"K\u00e9sz\u00fclj\u00f6n fel az ICAO vizsg\u00e1kra a Safe2Sky Training angol tanfolyamain. Szerezze meg a nemzetk\u00f6zi l\u00e9gik\u00f6zleked\u00e9si kommunik\u00e1ci\u00f3hoz sz\u00fcks\u00e9ges k\u00e9pes\u00edt\u00e9seket az ipar\u00e1g szakembereivel.","breadcrumb":{"@id":"https:\/\/safe2sky.eu\/hu\/icao-angol\/#breadcrumb"},"inLanguage":"hu","potentialAction":[{"@type":"ReadAction","target":["https:\/\/safe2sky.eu\/hu\/icao-angol\/"]}]},{"@type":"ImageObject","inLanguage":"hu","@id":"https:\/\/safe2sky.eu\/hu\/icao-angol\/#primaryimage","url":"https:\/\/safe2sky.eu\/wp-content\/uploads\/2025\/09\/ICAO_certifikat2_37a762ca47.png","contentUrl":"https:\/\/safe2sky.eu\/wp-content\/uploads\/2025\/09\/ICAO_certifikat2_37a762ca47.png"},{"@type":"BreadcrumbList","@id":"https:\/\/safe2sky.eu\/hu\/icao-angol\/#breadcrumb","itemListElement":[{"@type":"ListItem","position":1,"name":"Dom\u016f","item":"https:\/\/safe2sky.eu\/hu\/"},{"@type":"ListItem","position":2,"name":"ICAO ANGOL"}]},{"@type":"WebSite","@id":"https:\/\/safe2sky.eu\/hu\/#website","url":"https:\/\/safe2sky.eu\/hu\/","name":"Safe2Sky","description":"Safe2Sky Training Center \u2013 profesion\u00e1ln\u00ed pilotn\u00ed \u0161kola zam\u011b\u0159en\u00e1 na kvalitn\u00ed leteck\u00fd v\u00fdcvik a individu\u00e1ln\u00ed p\u0159\u00edstup. Nau\u010dte se pilotovat Cirrus od odborn\u00edk\u016f.","publisher":{"@id":"https:\/\/safe2sky.eu\/hu\/#organization"},"potentialAction":[{"@type":"SearchAction","target":{"@type":"EntryPoint","urlTemplate":"https:\/\/safe2sky.eu\/hu\/?s={search_term_string}"},"query-input":{"@type":"PropertyValueSpecification","valueRequired":true,"valueName":"search_term_string"}}],"inLanguage":"hu"},{"@type":"Organization","@id":"https:\/\/safe2sky.eu\/hu\/#organization","name":"Safe2Sky","url":"https:\/\/safe2sky.eu\/hu\/","logo":{"@type":"ImageObject","inLanguage":"hu","@id":"https:\/\/safe2sky.eu\/hu\/#\/schema\/logo\/image\/","url":"https:\/\/safe2sky.eu\/wp-content\/uploads\/2025\/08\/image-3320.png","contentUrl":"https:\/\/safe2sky.eu\/wp-content\/uploads\/2025\/08\/image-3320.png","width":563,"height":137,"caption":"Safe2Sky"},"image":{"@id":"https:\/\/safe2sky.eu\/hu\/#\/schema\/logo\/image\/"}}]}},"_links":{"self":[{"href":"https:\/\/safe2sky.eu\/hu\/wp-json\/wp\/v2\/pages\/1569","targetHints":{"allow":["GET"]}}],"collection":[{"href":"https:\/\/safe2sky.eu\/hu\/wp-json\/wp\/v2\/pages"}],"about":[{"href":"https:\/\/safe2sky.eu\/hu\/wp-json\/wp\/v2\/types\/page"}],"author":[{"embeddable":true,"href":"https:\/\/safe2sky.eu\/hu\/wp-json\/wp\/v2\/users\/1"}],"replies":[{"embeddable":true,"href":"https:\/\/safe2sky.eu\/hu\/wp-json\/wp\/v2\/comments?post=1569"}],"version-history":[{"count":5,"href":"https:\/\/safe2sky.eu\/hu\/wp-json\/wp\/v2\/pages\/1569\/revisions"}],"predecessor-version":[{"id":3659,"href":"https:\/\/safe2sky.eu\/hu\/wp-json\/wp\/v2\/pages\/1569\/revisions\/3659"}],"wp:attachment":[{"href":"https:\/\/safe2sky.eu\/hu\/wp-json\/wp\/v2\/media?parent=1569"}],"curies":[{"name":"wp","href":"https:\/\/api.w.org\/{rel}","templated":true}]}}