{"id":4713,"date":"2026-01-29T21:45:07","date_gmt":"2026-01-29T20:45:07","guid":{"rendered":"https:\/\/safe2sky.eu\/karrier\/"},"modified":"2026-03-30T09:43:06","modified_gmt":"2026-03-30T08:43:06","slug":"karrier","status":"publish","type":"page","link":"https:\/\/safe2sky.eu\/hu\/karrier\/","title":{"rendered":"Karrier"},"content":{"rendered":"\t\t<div data-elementor-type=\"wp-page\" data-elementor-id=\"4713\" class=\"elementor elementor-4713 elementor-4227\" data-elementor-post-type=\"page\">\n\t\t\t\t<div class=\"elementor-element elementor-element-3e2a752 e-flex e-con-boxed e-con e-parent\" data-id=\"3e2a752\" data-element_type=\"container\" data-e-type=\"container\" data-settings=\"{&quot;background_background&quot;:&quot;video&quot;}\">\n\t\t\t\t\t<div class=\"e-con-inner\">\n\t\t<div class=\"elementor-element elementor-element-109c43b e-con-full e-flex e-con e-child\" data-id=\"109c43b\" data-element_type=\"container\" data-e-type=\"container\" data-settings=\"{&quot;background_background&quot;:&quot;classic&quot;}\">\n\t\t<div class=\"elementor-element elementor-element-5728f0f e-con-full e-flex e-con e-child\" data-id=\"5728f0f\" data-element_type=\"container\" data-e-type=\"container\">\n\t\t\t\t<div class=\"elementor-element elementor-element-31e373c elementor-widget elementor-widget-heading\" data-id=\"31e373c\" data-element_type=\"widget\" data-e-type=\"widget\" data-widget_type=\"heading.default\">\n\t\t\t\t<div class=\"elementor-widget-container\">\n\t\t\t\t\t<h1 class=\"elementor-heading-title elementor-size-default\">Karrier<\/h1>\t\t\t\t<\/div>\n\t\t\t\t<\/div>\n\t\t\t\t<\/div>\n\t\t<div class=\"elementor-element elementor-element-9fd5636 e-con-full e-flex e-con e-child\" data-id=\"9fd5636\" data-element_type=\"container\" data-e-type=\"container\" data-settings=\"{&quot;background_background&quot;:&quot;classic&quot;}\">\n\t\t\t\t<div class=\"elementor-element elementor-element-7833b5e elementor-widget elementor-widget-text-editor\" data-id=\"7833b5e\" data-element_type=\"widget\" data-e-type=\"widget\" data-widget_type=\"text-editor.default\">\n\t\t\t\t<div class=\"elementor-widget-container\">\n\t\t\t\t\t\t\t\t\t<h3><span style=\"color: #ffffff;\">Fedezze fel a j\u00f6v\u0151j\u00e9t a SAFE2SKY-val. Tekintse meg aktu\u00e1lis nyitott \u00e1ll\u00e1saj\u00e1nlatainkat, \u00e9s ha valamelyik felkeltette az \u00e9rdekl\u0151d\u00e9s\u00e9t, \u00edrjon nek\u00fcnk a <a style=\"color: #ffffff;\" href=\"mailto:office@cirrus.cz\">office@cirrus.cz<\/a> e-mail c\u00edmre. <\/span><\/h3>\t\t\t\t\t\t\t\t<\/div>\n\t\t\t\t<\/div>\n\t\t\t\t<\/div>\n\t\t\t\t<\/div>\n\t\t\t\t\t<\/div>\n\t\t\t\t<\/div>\n\t\t<div class=\"elementor-element elementor-element-4e6c20e e-flex e-con-boxed e-con e-parent\" data-id=\"4e6c20e\" data-element_type=\"container\" data-e-type=\"container\">\n\t\t\t\t\t<div class=\"e-con-inner\">\n\t\t<div class=\"elementor-element elementor-element-ffa2a4d e-con-full e-flex e-con e-child\" data-id=\"ffa2a4d\" data-element_type=\"container\" data-e-type=\"container\">\n\t\t<div class=\"elementor-element elementor-element-7df2805 e-con-full e-flex e-con e-child\" data-id=\"7df2805\" data-element_type=\"container\" data-e-type=\"container\">\n\t\t\t\t<div class=\"elementor-element elementor-element-87fa4fe elementor-widget elementor-widget-spacer\" data-id=\"87fa4fe\" data-element_type=\"widget\" data-e-type=\"widget\" data-widget_type=\"spacer.default\">\n\t\t\t\t<div class=\"elementor-widget-container\">\n\t\t\t\t\t\t\t<div class=\"elementor-spacer\">\n\t\t\t<div class=\"elementor-spacer-inner\"><\/div>\n\t\t<\/div>\n\t\t\t\t\t\t<\/div>\n\t\t\t\t<\/div>\n\t\t\t\t<div class=\"elementor-element elementor-element-e74e9c0 elementor-widget elementor-widget-heading\" data-id=\"e74e9c0\" data-element_type=\"widget\" data-e-type=\"widget\" data-widget_type=\"heading.default\">\n\t\t\t\t<div class=\"elementor-widget-container\">\n\t\t\t\t\t<h2 class=\"elementor-heading-title elementor-size-default\">Jelenleg bet\u00f6ltetlen poz\u00edci\u00f3k<\/h2>\t\t\t\t<\/div>\n\t\t\t\t<\/div>\n\t\t\t\t<\/div>\n\t\t\t\t<\/div>\n\t\t\t\t<div class=\"elementor-element elementor-element-5468668 elementor-widget elementor-widget-spacer\" data-id=\"5468668\" data-element_type=\"widget\" data-e-type=\"widget\" data-widget_type=\"spacer.default\">\n\t\t\t\t<div class=\"elementor-widget-container\">\n\t\t\t\t\t\t\t<div class=\"elementor-spacer\">\n\t\t\t<div class=\"elementor-spacer-inner\"><\/div>\n\t\t<\/div>\n\t\t\t\t\t\t<\/div>\n\t\t\t\t<\/div>\n\t\t\t\t\t<\/div>\n\t\t\t\t<\/div>\n\t\t<div class=\"elementor-element elementor-element-6775368 e-grid e-con-boxed e-con e-parent\" data-id=\"6775368\" data-element_type=\"container\" data-e-type=\"container\">\n\t\t\t\t\t<div class=\"e-con-inner\">\n\t\t\t\t<div class=\"elementor-element elementor-element-f30dd03 elementor-widget elementor-widget-heading\" data-id=\"f30dd03\" data-element_type=\"widget\" data-e-type=\"widget\" data-widget_type=\"heading.default\">\n\t\t\t\t<div class=\"elementor-widget-container\">\n\t\t\t\t\t<h3 class=\"elementor-heading-title elementor-size-default\">Oktat\u00f3 \/ V\u00e1llalati pil\u00f3ta<\/h3>\t\t\t\t<\/div>\n\t\t\t\t<\/div>\n\t\t\t\t<div class=\"elementor-element elementor-element-2b59b14 elementor-widget elementor-widget-heading\" data-id=\"2b59b14\" data-element_type=\"widget\" data-e-type=\"widget\" data-widget_type=\"heading.default\">\n\t\t\t\t<div class=\"elementor-widget-container\">\n\t\t\t\t\t<h3 class=\"elementor-heading-title elementor-size-default\">K\u00e9pz\u00e9si adminisztr\u00e1tor<\/h3>\t\t\t\t<\/div>\n\t\t\t\t<\/div>\n\t\t\t\t<div class=\"elementor-element elementor-element-bf72211 elementor-widget elementor-widget-heading\" data-id=\"bf72211\" data-element_type=\"widget\" data-e-type=\"widget\" data-widget_type=\"heading.default\">\n\t\t\t\t<div class=\"elementor-widget-container\">\n\t\t\t\t\t<h3 class=\"elementor-heading-title elementor-size-default\">L\u00e9gi j\u00e1rm\u0171vek kezel\u00e9se<\/h3>\t\t\t\t<\/div>\n\t\t\t\t<\/div>\n\t\t\t\t<div class=\"elementor-element elementor-element-a741ddd elementor-align-center elementor-widget elementor-widget-button\" data-id=\"a741ddd\" data-element_type=\"widget\" data-e-type=\"widget\" data-widget_type=\"button.default\">\n\t\t\t\t<div class=\"elementor-widget-container\">\n\t\t\t\t\t\t\t\t\t<div class=\"elementor-button-wrapper\">\n\t\t\t\t\t<a class=\"elementor-button elementor-button-link elementor-size-sm\" href=\"https:\/\/safe2sky.eu\/wp-content\/uploads\/2026\/01\/Pilot_Instruktor_inzera\u0301t_260128.pdf\" target=\"_blank\">\n\t\t\t\t\t\t<span class=\"elementor-button-content-wrapper\">\n\t\t\t\t\t\t\t\t\t<span class=\"elementor-button-text\">PDF let\u00f6lthet\u0151<\/span>\n\t\t\t\t\t<\/span>\n\t\t\t\t\t<\/a>\n\t\t\t\t<\/div>\n\t\t\t\t\t\t\t\t<\/div>\n\t\t\t\t<\/div>\n\t\t\t\t<div class=\"elementor-element elementor-element-f0345fd elementor-align-center elementor-widget elementor-widget-button\" data-id=\"f0345fd\" data-element_type=\"widget\" data-e-type=\"widget\" data-widget_type=\"button.default\">\n\t\t\t\t<div class=\"elementor-widget-container\">\n\t\t\t\t\t\t\t\t\t<div class=\"elementor-button-wrapper\">\n\t\t\t\t\t<a class=\"elementor-button elementor-button-link elementor-size-sm\" href=\"https:\/\/safe2sky.eu\/wp-content\/uploads\/2026\/01\/Training-Administrator_inzera\u0301t_260112.pdf\" target=\"_blank\">\n\t\t\t\t\t\t<span class=\"elementor-button-content-wrapper\">\n\t\t\t\t\t\t\t\t\t<span class=\"elementor-button-text\">PDF let\u00f6lthet\u0151<\/span>\n\t\t\t\t\t<\/span>\n\t\t\t\t\t<\/a>\n\t\t\t\t<\/div>\n\t\t\t\t\t\t\t\t<\/div>\n\t\t\t\t<\/div>\n\t\t\t\t<div class=\"elementor-element elementor-element-5ace811 elementor-align-center elementor-widget elementor-widget-button\" data-id=\"5ace811\" data-element_type=\"widget\" data-e-type=\"widget\" data-widget_type=\"button.default\">\n\t\t\t\t<div class=\"elementor-widget-container\">\n\t\t\t\t\t\t\t\t\t<div class=\"elementor-button-wrapper\">\n\t\t\t\t\t<a class=\"elementor-button elementor-button-link elementor-size-sm\" href=\"https:\/\/safe2sky.eu\/wp-content\/uploads\/2026\/01\/Handling-letadel_inzera\u0301t_260128.pdf\" target=\"_blank\">\n\t\t\t\t\t\t<span class=\"elementor-button-content-wrapper\">\n\t\t\t\t\t\t\t\t\t<span class=\"elementor-button-text\">PDF let\u00f6lthet\u0151<\/span>\n\t\t\t\t\t<\/span>\n\t\t\t\t\t<\/a>\n\t\t\t\t<\/div>\n\t\t\t\t\t\t\t\t<\/div>\n\t\t\t\t<\/div>\n\t\t\t\t<div class=\"elementor-element elementor-element-b774857 elementor-widget elementor-widget-heading\" data-id=\"b774857\" data-element_type=\"widget\" data-e-type=\"widget\" data-widget_type=\"heading.default\">\n\t\t\t\t<div class=\"elementor-widget-container\">\n\t\t\t\t\t<h3 class=\"elementor-heading-title elementor-size-default\">Sz\u00e1ml\u00e1z\u00e1si szakember<\/h3>\t\t\t\t<\/div>\n\t\t\t\t<\/div>\n\t\t\t\t<div class=\"elementor-element elementor-element-ea321f1 elementor-widget elementor-widget-heading\" data-id=\"ea321f1\" data-element_type=\"widget\" data-e-type=\"widget\" data-widget_type=\"heading.default\">\n\t\t\t\t<div class=\"elementor-widget-container\">\n\t\t\t\t\t<h3 class=\"elementor-heading-title elementor-size-default\">Marketing \u00e9s rendezv\u00e9nymenedzser<\/h3>\t\t\t\t<\/div>\n\t\t\t\t<\/div>\n\t\t\t\t<div class=\"elementor-element elementor-element-d4f7254 elementor-widget elementor-widget-heading\" data-id=\"d4f7254\" data-element_type=\"widget\" data-e-type=\"widget\" data-widget_type=\"heading.default\">\n\t\t\t\t<div class=\"elementor-widget-container\">\n\t\t\t\t\t<h3 class=\"elementor-heading-title elementor-size-default\">Irodavezet\u0151<\/h3>\t\t\t\t<\/div>\n\t\t\t\t<\/div>\n\t\t\t\t<div class=\"elementor-element elementor-element-107bddb elementor-align-center elementor-widget elementor-widget-button\" data-id=\"107bddb\" data-element_type=\"widget\" data-e-type=\"widget\" data-widget_type=\"button.default\">\n\t\t\t\t<div class=\"elementor-widget-container\">\n\t\t\t\t\t\t\t\t\t<div class=\"elementor-button-wrapper\">\n\t\t\t\t\t<a class=\"elementor-button elementor-button-link elementor-size-sm\" href=\"https:\/\/safe2sky.eu\/wp-content\/uploads\/2026\/01\/Fakturac\u030cni\u0301-specialista_inzera\u0301t_260128.pdf\" target=\"_blank\">\n\t\t\t\t\t\t<span class=\"elementor-button-content-wrapper\">\n\t\t\t\t\t\t\t\t\t<span class=\"elementor-button-text\">PDF let\u00f6lthet\u0151<\/span>\n\t\t\t\t\t<\/span>\n\t\t\t\t\t<\/a>\n\t\t\t\t<\/div>\n\t\t\t\t\t\t\t\t<\/div>\n\t\t\t\t<\/div>\n\t\t\t\t<div class=\"elementor-element elementor-element-4b1b621 elementor-align-center elementor-widget elementor-widget-button\" data-id=\"4b1b621\" data-element_type=\"widget\" data-e-type=\"widget\" data-widget_type=\"button.default\">\n\t\t\t\t<div class=\"elementor-widget-container\">\n\t\t\t\t\t\t\t\t\t<div class=\"elementor-button-wrapper\">\n\t\t\t\t\t<a class=\"elementor-button elementor-button-link elementor-size-sm\" href=\"https:\/\/safe2sky.eu\/wp-content\/uploads\/2026\/01\/Marketing-Event-Manager_inzera\u0301t_260128.pdf\" target=\"_blank\">\n\t\t\t\t\t\t<span class=\"elementor-button-content-wrapper\">\n\t\t\t\t\t\t\t\t\t<span class=\"elementor-button-text\">PDF let\u00f6lthet\u0151<\/span>\n\t\t\t\t\t<\/span>\n\t\t\t\t\t<\/a>\n\t\t\t\t<\/div>\n\t\t\t\t\t\t\t\t<\/div>\n\t\t\t\t<\/div>\n\t\t\t\t<div class=\"elementor-element elementor-element-544f68c elementor-align-center elementor-widget elementor-widget-button\" data-id=\"544f68c\" data-element_type=\"widget\" data-e-type=\"widget\" data-widget_type=\"button.default\">\n\t\t\t\t<div class=\"elementor-widget-container\">\n\t\t\t\t\t\t\t\t\t<div class=\"elementor-button-wrapper\">\n\t\t\t\t\t<a class=\"elementor-button elementor-button-link elementor-size-sm\" href=\"https:\/\/safe2sky.eu\/wp-content\/uploads\/2026\/01\/Office-Manager_inzera\u0301t_260128.pdf\" target=\"_blank\">\n\t\t\t\t\t\t<span class=\"elementor-button-content-wrapper\">\n\t\t\t\t\t\t\t\t\t<span class=\"elementor-button-text\">PDF let\u00f6lthet\u0151<\/span>\n\t\t\t\t\t<\/span>\n\t\t\t\t\t<\/a>\n\t\t\t\t<\/div>\n\t\t\t\t\t\t\t\t<\/div>\n\t\t\t\t<\/div>\n\t\t\t\t\t<\/div>\n\t\t\t\t<\/div>\n\t\t<div class=\"elementor-element elementor-element-40416ef e-flex e-con-boxed e-con e-parent\" data-id=\"40416ef\" data-element_type=\"container\" data-e-type=\"container\">\n\t\t\t\t\t<div class=\"e-con-inner\">\n\t\t<div class=\"elementor-element elementor-element-85bcff4 e-con-full e-flex e-con e-child\" data-id=\"85bcff4\" data-element_type=\"container\" data-e-type=\"container\">\n\t\t<div class=\"elementor-element elementor-element-a47976c e-con-full e-flex e-con e-child\" data-id=\"a47976c\" data-element_type=\"container\" data-e-type=\"container\">\n\t\t\t\t<div class=\"elementor-element elementor-element-d983858 elementor-widget elementor-widget-spacer\" data-id=\"d983858\" data-element_type=\"widget\" data-e-type=\"widget\" data-widget_type=\"spacer.default\">\n\t\t\t\t<div class=\"elementor-widget-container\">\n\t\t\t\t\t\t\t<div class=\"elementor-spacer\">\n\t\t\t<div class=\"elementor-spacer-inner\"><\/div>\n\t\t<\/div>\n\t\t\t\t\t\t<\/div>\n\t\t\t\t<\/div>\n\t\t\t\t<div class=\"elementor-element elementor-element-73d591b elementor-widget elementor-widget-text-editor\" data-id=\"73d591b\" data-element_type=\"widget\" data-e-type=\"widget\" data-widget_type=\"text-editor.default\">\n\t\t\t\t<div class=\"elementor-widget-container\">\n\t\t\t\t\t\t\t\t\t<h3>Ha \u00e9rdekli egy poz\u00edci\u00f3, k\u00e9rj\u00fck, \u00edrjon nek\u00fcnk a <a href=\"mailto:office@cirrus.cz\">office@cirrus.cz<\/a> c\u00edmre.<\/h3>\t\t\t\t\t\t\t\t<\/div>\n\t\t\t\t<\/div>\n\t\t\t\t<div class=\"elementor-element elementor-element-8bf6424 elementor-widget elementor-widget-spacer\" data-id=\"8bf6424\" data-element_type=\"widget\" data-e-type=\"widget\" data-widget_type=\"spacer.default\">\n\t\t\t\t<div class=\"elementor-widget-container\">\n\t\t\t\t\t\t\t<div class=\"elementor-spacer\">\n\t\t\t<div class=\"elementor-spacer-inner\"><\/div>\n\t\t<\/div>\n\t\t\t\t\t\t<\/div>\n\t\t\t\t<\/div>\n\t\t\t\t<\/div>\n\t\t\t\t<\/div>\n\t\t\t\t\t<\/div>\n\t\t\t\t<\/div>\n\t\t\t\t<\/div>\n\t\t","protected":false},"excerpt":{"rendered":"<p>Karrier Fedezze fel a j\u00f6v\u0151j\u00e9t a SAFE2SKY-val. Tekintse meg aktu\u00e1lis nyitott \u00e1ll\u00e1saj\u00e1nlatainkat, \u00e9s ha valamelyik felkeltette az \u00e9rdekl\u0151d\u00e9s\u00e9t, \u00edrjon nek\u00fcnk [&hellip;]<\/p>\n","protected":false},"author":3,"featured_media":0,"parent":0,"menu_order":0,"comment_status":"closed","ping_status":"closed","template":"","meta":{"site-sidebar-layout":"no-sidebar","site-content-layout":"","ast-site-content-layout":"full-width-container","site-content-style":"default","site-sidebar-style":"default","ast-global-header-display":"","ast-banner-title-visibility":"","ast-main-header-display":"","ast-hfb-above-header-display":"","ast-hfb-below-header-display":"","ast-hfb-mobile-header-display":"","site-post-title":"disabled","ast-breadcrumbs-content":"","ast-featured-img":"disabled","footer-sml-layout":"","theme-transparent-header-meta":"default","adv-header-id-meta":"","stick-header-meta":"","header-above-stick-meta":"","header-main-stick-meta":"","header-below-stick-meta":"","astra-migrate-meta-layouts":"default","ast-page-background-enabled":"default","ast-page-background-meta":{"desktop":{"background-color":"var(--ast-global-color-5)","background-image":"","background-repeat":"repeat","background-position":"center center","background-size":"auto","background-attachment":"scroll","background-type":"","background-media":"","overlay-type":"","overlay-color":"","overlay-opacity":"","overlay-gradient":""},"tablet":{"background-color":"","background-image":"","background-repeat":"repeat","background-position":"center center","background-size":"auto","background-attachment":"scroll","background-type":"","background-media":"","overlay-type":"","overlay-color":"","overlay-opacity":"","overlay-gradient":""},"mobile":{"background-color":"","background-image":"","background-repeat":"repeat","background-position":"center center","background-size":"auto","background-attachment":"scroll","background-type":"","background-media":"","overlay-type":"","overlay-color":"","overlay-opacity":"","overlay-gradient":""}},"ast-content-background-meta":{"desktop":{"background-color":"var(--ast-global-color-4)","background-image":"","background-repeat":"repeat","background-position":"center center","background-size":"auto","background-attachment":"scroll","background-type":"","background-media":"","overlay-type":"","overlay-color":"","overlay-opacity":"","overlay-gradient":""},"tablet":{"background-color":"var(--ast-global-color-4)","background-image":"","background-repeat":"repeat","background-position":"center center","background-size":"auto","background-attachment":"scroll","background-type":"","background-media":"","overlay-type":"","overlay-color":"","overlay-opacity":"","overlay-gradient":""},"mobile":{"background-color":"var(--ast-global-color-4)","background-image":"","background-repeat":"repeat","background-position":"center center","background-size":"auto","background-attachment":"scroll","background-type":"","background-media":"","overlay-type":"","overlay-color":"","overlay-opacity":"","overlay-gradient":""}},"footnotes":""},"class_list":["post-4713","page","type-page","status-publish","hentry"],"yoast_head":"<!-- This site is optimized with the Yoast SEO plugin v27.2 - https:\/\/yoast.com\/product\/yoast-seo-wordpress\/ -->\n<title>Karrier | SAFE2SKY<\/title>\n<meta name=\"description\" content=\"Tekintse meg az aktu\u00e1lis \u00e1ll\u00e1saj\u00e1nlatokat, \u00e9s t\u00f6ltse le a teljes \u00e1ll\u00e1shirdet\u00e9st PDF form\u00e1tumban.\" \/>\n<meta name=\"robots\" content=\"index, follow, max-snippet:-1, max-image-preview:large, max-video-preview:-1\" \/>\n<link rel=\"canonical\" href=\"https:\/\/safe2sky.eu\/hu\/karrier\/\" \/>\n<meta property=\"og:locale\" content=\"hu_HU\" \/>\n<meta property=\"og:type\" content=\"article\" \/>\n<meta property=\"og:title\" content=\"Karrier | SAFE2SKY\" \/>\n<meta property=\"og:description\" content=\"Tekintse meg az aktu\u00e1lis \u00e1ll\u00e1saj\u00e1nlatokat, \u00e9s t\u00f6ltse le a teljes \u00e1ll\u00e1shirdet\u00e9st PDF form\u00e1tumban.\" \/>\n<meta property=\"og:url\" content=\"https:\/\/safe2sky.eu\/hu\/karrier\/\" \/>\n<meta property=\"og:site_name\" content=\"Pilotn\u00ed \u0161kola | Safe2Sky Training | Leteck\u00fd v\u00fdcvik\" \/>\n<meta property=\"article:modified_time\" content=\"2026-03-30T08:43:06+00:00\" \/>\n<meta name=\"twitter:card\" content=\"summary_large_image\" \/>\n<meta name=\"twitter:label1\" content=\"Becs\u00fclt olvas\u00e1si id\u0151\" \/>\n\t<meta name=\"twitter:data1\" content=\"1 perc\" \/>\n<script type=\"application\/ld+json\" class=\"yoast-schema-graph\">{\"@context\":\"https:\/\/schema.org\",\"@graph\":[{\"@type\":\"WebPage\",\"@id\":\"https:\/\/safe2sky.eu\/hu\/karrier\/\",\"url\":\"https:\/\/safe2sky.eu\/hu\/karrier\/\",\"name\":\"Karrier | SAFE2SKY\",\"isPartOf\":{\"@id\":\"https:\/\/safe2sky.eu\/hu\/#website\"},\"datePublished\":\"2026-01-29T20:45:07+00:00\",\"dateModified\":\"2026-03-30T08:43:06+00:00\",\"description\":\"Tekintse meg az aktu\u00e1lis \u00e1ll\u00e1saj\u00e1nlatokat, \u00e9s t\u00f6ltse le a teljes \u00e1ll\u00e1shirdet\u00e9st PDF form\u00e1tumban.\",\"breadcrumb\":{\"@id\":\"https:\/\/safe2sky.eu\/hu\/karrier\/#breadcrumb\"},\"inLanguage\":\"hu\",\"potentialAction\":[{\"@type\":\"ReadAction\",\"target\":[\"https:\/\/safe2sky.eu\/hu\/karrier\/\"]}]},{\"@type\":\"BreadcrumbList\",\"@id\":\"https:\/\/safe2sky.eu\/hu\/karrier\/#breadcrumb\",\"itemListElement\":[{\"@type\":\"ListItem\",\"position\":1,\"name\":\"Dom\u016f\",\"item\":\"https:\/\/safe2sky.eu\/hu\/\"},{\"@type\":\"ListItem\",\"position\":2,\"name\":\"Karrier\"}]},{\"@type\":\"WebSite\",\"@id\":\"https:\/\/safe2sky.eu\/hu\/#website\",\"url\":\"https:\/\/safe2sky.eu\/hu\/\",\"name\":\"Safe2Sky\",\"description\":\"Safe2Sky Training Center \u2013 profesion\u00e1ln\u00ed pilotn\u00ed \u0161kola zam\u011b\u0159en\u00e1 na kvalitn\u00ed leteck\u00fd v\u00fdcvik a individu\u00e1ln\u00ed p\u0159\u00edstup. Nau\u010dte se pilotovat Cirrus od odborn\u00edk\u016f.\",\"publisher\":{\"@id\":\"https:\/\/safe2sky.eu\/hu\/#organization\"},\"potentialAction\":[{\"@type\":\"SearchAction\",\"target\":{\"@type\":\"EntryPoint\",\"urlTemplate\":\"https:\/\/safe2sky.eu\/hu\/?s={search_term_string}\"},\"query-input\":{\"@type\":\"PropertyValueSpecification\",\"valueRequired\":true,\"valueName\":\"search_term_string\"}}],\"inLanguage\":\"hu\"},{\"@type\":\"Organization\",\"@id\":\"https:\/\/safe2sky.eu\/hu\/#organization\",\"name\":\"Safe2Sky\",\"url\":\"https:\/\/safe2sky.eu\/hu\/\",\"logo\":{\"@type\":\"ImageObject\",\"inLanguage\":\"hu\",\"@id\":\"https:\/\/safe2sky.eu\/hu\/#\/schema\/logo\/image\/\",\"url\":\"https:\/\/safe2sky.eu\/wp-content\/uploads\/2025\/08\/image-3320.png\",\"contentUrl\":\"https:\/\/safe2sky.eu\/wp-content\/uploads\/2025\/08\/image-3320.png\",\"width\":563,\"height\":137,\"caption\":\"Safe2Sky\"},\"image\":{\"@id\":\"https:\/\/safe2sky.eu\/hu\/#\/schema\/logo\/image\/\"}}]}<\/script>\n<!-- \/ Yoast SEO plugin. -->","yoast_head_json":{"title":"Karrier | SAFE2SKY","description":"Tekintse meg az aktu\u00e1lis \u00e1ll\u00e1saj\u00e1nlatokat, \u00e9s t\u00f6ltse le a teljes \u00e1ll\u00e1shirdet\u00e9st PDF form\u00e1tumban.","robots":{"index":"index","follow":"follow","max-snippet":"max-snippet:-1","max-image-preview":"max-image-preview:large","max-video-preview":"max-video-preview:-1"},"canonical":"https:\/\/safe2sky.eu\/hu\/karrier\/","og_locale":"hu_HU","og_type":"article","og_title":"Karrier | SAFE2SKY","og_description":"Tekintse meg az aktu\u00e1lis \u00e1ll\u00e1saj\u00e1nlatokat, \u00e9s t\u00f6ltse le a teljes \u00e1ll\u00e1shirdet\u00e9st PDF form\u00e1tumban.","og_url":"https:\/\/safe2sky.eu\/hu\/karrier\/","og_site_name":"Pilotn\u00ed \u0161kola | Safe2Sky Training | Leteck\u00fd v\u00fdcvik","article_modified_time":"2026-03-30T08:43:06+00:00","twitter_card":"summary_large_image","twitter_misc":{"Becs\u00fclt olvas\u00e1si id\u0151":"1 perc"},"schema":{"@context":"https:\/\/schema.org","@graph":[{"@type":"WebPage","@id":"https:\/\/safe2sky.eu\/hu\/karrier\/","url":"https:\/\/safe2sky.eu\/hu\/karrier\/","name":"Karrier | SAFE2SKY","isPartOf":{"@id":"https:\/\/safe2sky.eu\/hu\/#website"},"datePublished":"2026-01-29T20:45:07+00:00","dateModified":"2026-03-30T08:43:06+00:00","description":"Tekintse meg az aktu\u00e1lis \u00e1ll\u00e1saj\u00e1nlatokat, \u00e9s t\u00f6ltse le a teljes \u00e1ll\u00e1shirdet\u00e9st PDF form\u00e1tumban.","breadcrumb":{"@id":"https:\/\/safe2sky.eu\/hu\/karrier\/#breadcrumb"},"inLanguage":"hu","potentialAction":[{"@type":"ReadAction","target":["https:\/\/safe2sky.eu\/hu\/karrier\/"]}]},{"@type":"BreadcrumbList","@id":"https:\/\/safe2sky.eu\/hu\/karrier\/#breadcrumb","itemListElement":[{"@type":"ListItem","position":1,"name":"Dom\u016f","item":"https:\/\/safe2sky.eu\/hu\/"},{"@type":"ListItem","position":2,"name":"Karrier"}]},{"@type":"WebSite","@id":"https:\/\/safe2sky.eu\/hu\/#website","url":"https:\/\/safe2sky.eu\/hu\/","name":"Safe2Sky","description":"Safe2Sky Training Center \u2013 profesion\u00e1ln\u00ed pilotn\u00ed \u0161kola zam\u011b\u0159en\u00e1 na kvalitn\u00ed leteck\u00fd v\u00fdcvik a individu\u00e1ln\u00ed p\u0159\u00edstup. Nau\u010dte se pilotovat Cirrus od odborn\u00edk\u016f.","publisher":{"@id":"https:\/\/safe2sky.eu\/hu\/#organization"},"potentialAction":[{"@type":"SearchAction","target":{"@type":"EntryPoint","urlTemplate":"https:\/\/safe2sky.eu\/hu\/?s={search_term_string}"},"query-input":{"@type":"PropertyValueSpecification","valueRequired":true,"valueName":"search_term_string"}}],"inLanguage":"hu"},{"@type":"Organization","@id":"https:\/\/safe2sky.eu\/hu\/#organization","name":"Safe2Sky","url":"https:\/\/safe2sky.eu\/hu\/","logo":{"@type":"ImageObject","inLanguage":"hu","@id":"https:\/\/safe2sky.eu\/hu\/#\/schema\/logo\/image\/","url":"https:\/\/safe2sky.eu\/wp-content\/uploads\/2025\/08\/image-3320.png","contentUrl":"https:\/\/safe2sky.eu\/wp-content\/uploads\/2025\/08\/image-3320.png","width":563,"height":137,"caption":"Safe2Sky"},"image":{"@id":"https:\/\/safe2sky.eu\/hu\/#\/schema\/logo\/image\/"}}]}},"_links":{"self":[{"href":"https:\/\/safe2sky.eu\/hu\/wp-json\/wp\/v2\/pages\/4713","targetHints":{"allow":["GET"]}}],"collection":[{"href":"https:\/\/safe2sky.eu\/hu\/wp-json\/wp\/v2\/pages"}],"about":[{"href":"https:\/\/safe2sky.eu\/hu\/wp-json\/wp\/v2\/types\/page"}],"author":[{"embeddable":true,"href":"https:\/\/safe2sky.eu\/hu\/wp-json\/wp\/v2\/users\/3"}],"replies":[{"embeddable":true,"href":"https:\/\/safe2sky.eu\/hu\/wp-json\/wp\/v2\/comments?post=4713"}],"version-history":[{"count":1,"href":"https:\/\/safe2sky.eu\/hu\/wp-json\/wp\/v2\/pages\/4713\/revisions"}],"predecessor-version":[{"id":4716,"href":"https:\/\/safe2sky.eu\/hu\/wp-json\/wp\/v2\/pages\/4713\/revisions\/4716"}],"wp:attachment":[{"href":"https:\/\/safe2sky.eu\/hu\/wp-json\/wp\/v2\/media?parent=4713"}],"curies":[{"name":"wp","href":"https:\/\/api.w.org\/{rel}","templated":true}]}}