{"id":1932,"date":"2025-09-16T11:21:31","date_gmt":"2025-09-16T10:21:31","guid":{"rendered":"https:\/\/safe2sky.eu\/icao-anglictina\/"},"modified":"2025-12-09T15:27:20","modified_gmt":"2025-12-09T14:27:20","slug":"icao-anglictina","status":"publish","type":"page","link":"https:\/\/safe2sky.eu\/sk\/icao-anglictina\/","title":{"rendered":"ICAO ANGLI\u010cTINA"},"content":{"rendered":"\t\t<div data-elementor-type=\"wp-page\" data-elementor-id=\"1932\" class=\"elementor elementor-1932 elementor-1432\" data-elementor-post-type=\"page\">\n\t\t\t\t<div class=\"elementor-element elementor-element-7295713 e-flex e-con-boxed e-con e-parent\" data-id=\"7295713\" data-element_type=\"container\" data-e-type=\"container\" data-settings=\"{&quot;background_background&quot;:&quot;video&quot;,&quot;background_video_link&quot;:&quot;https:\\\/\\\/safe2sky.eu\\\/wp-content\\\/uploads\\\/2025\\\/09\\\/video_training_slideshow_b224e42f94.mp4&quot;}\">\n\t\t\t\t\t<div class=\"e-con-inner\">\n\t\t<div class=\"elementor-background-video-container elementor-hidden-mobile\">\n\t\t\t\t\t\t\t<video class=\"elementor-background-video-hosted\" role=\"presentation\" autoplay muted playsinline loop><\/video>\n\t\t\t\t\t<\/div><div class=\"elementor-element elementor-element-7d0a719 e-con-full e-flex e-con e-child\" data-id=\"7d0a719\" data-element_type=\"container\" data-e-type=\"container\" data-settings=\"{&quot;background_background&quot;:&quot;classic&quot;}\">\n\t\t<div class=\"elementor-element elementor-element-77be74f e-con-full e-flex e-con e-child\" data-id=\"77be74f\" data-element_type=\"container\" data-e-type=\"container\">\n\t\t\t\t<div class=\"elementor-element elementor-element-3a848e6 elementor-widget elementor-widget-heading\" data-id=\"3a848e6\" data-element_type=\"widget\" data-e-type=\"widget\" data-widget_type=\"heading.default\">\n\t\t\t\t<div class=\"elementor-widget-container\">\n\t\t\t\t\t<h1 class=\"elementor-heading-title elementor-size-default\">ICAO ANGLI\u010cTINA<\/h1>\t\t\t\t<\/div>\n\t\t\t\t<\/div>\n\t\t\t\t<\/div>\n\t\t<div class=\"elementor-element elementor-element-66c018d e-con-full e-flex e-con e-child\" data-id=\"66c018d\" data-element_type=\"container\" data-e-type=\"container\" data-settings=\"{&quot;background_background&quot;:&quot;classic&quot;}\">\n\t\t\t\t<\/div>\n\t\t\t\t<\/div>\n\t\t\t\t\t<\/div>\n\t\t\t\t<\/div>\n\t\t<div class=\"elementor-element elementor-element-1e859a4 e-flex e-con-boxed e-con e-parent\" data-id=\"1e859a4\" data-element_type=\"container\" data-e-type=\"container\">\n\t\t\t\t\t<div class=\"e-con-inner\">\n\t\t<div class=\"elementor-element elementor-element-a1d0bc2 e-con-full e-flex e-con e-child\" data-id=\"a1d0bc2\" data-element_type=\"container\" data-e-type=\"container\">\n\t\t<div class=\"elementor-element elementor-element-885da63 e-con-full e-flex e-con e-child\" data-id=\"885da63\" data-element_type=\"container\" data-e-type=\"container\">\n\t\t\t\t<div class=\"elementor-element elementor-element-1b6723e elementor-widget elementor-widget-spacer\" data-id=\"1b6723e\" data-element_type=\"widget\" data-e-type=\"widget\" data-widget_type=\"spacer.default\">\n\t\t\t\t<div class=\"elementor-widget-container\">\n\t\t\t\t\t\t\t<div class=\"elementor-spacer\">\n\t\t\t<div class=\"elementor-spacer-inner\"><\/div>\n\t\t<\/div>\n\t\t\t\t\t\t<\/div>\n\t\t\t\t<\/div>\n\t\t\t\t<div class=\"elementor-element elementor-element-0203c76 elementor-widget__width-initial elementor-widget-mobile__width-inherit elementor-widget elementor-widget-heading\" data-id=\"0203c76\" data-element_type=\"widget\" data-e-type=\"widget\" data-widget_type=\"heading.default\">\n\t\t\t\t<div class=\"elementor-widget-container\">\n\t\t\t\t\t<h2 class=\"elementor-heading-title elementor-size-default\">Obsah sk\u00fa\u0161ky ICAO EN<\/h2>\t\t\t\t<\/div>\n\t\t\t\t<\/div>\n\t\t\t\t<div class=\"elementor-element elementor-element-cb2057e elementor-widget elementor-widget-spacer\" data-id=\"cb2057e\" data-element_type=\"widget\" data-e-type=\"widget\" data-widget_type=\"spacer.default\">\n\t\t\t\t<div class=\"elementor-widget-container\">\n\t\t\t\t\t\t\t<div class=\"elementor-spacer\">\n\t\t\t<div class=\"elementor-spacer-inner\"><\/div>\n\t\t<\/div>\n\t\t\t\t\t\t<\/div>\n\t\t\t\t<\/div>\n\t\t\t\t<div class=\"elementor-element elementor-element-5e95b89 elementor-widget elementor-widget-text-editor\" data-id=\"5e95b89\" data-element_type=\"widget\" data-e-type=\"widget\" data-widget_type=\"text-editor.default\">\n\t\t\t\t<div class=\"elementor-widget-container\">\n\t\t\t\t\t\t\t\t\t<ul><li>Rozhovor na v\u0161eobecn\u00fa t\u00e9mu<\/li><li>V\u00fdklad odborn\u00fdch term\u00ednov<\/li><li>\u010c\u00edtanie skratiek a \u010d\u00edsel s pou\u017eit\u00edm leteckej frazeol\u00f3gie<\/li><li>Dek\u00f3dovanie spr\u00e1vy: METAR, TAF alebo NOTAM<\/li><li>Anal\u00fdza a opis obr\u00e1zka s leteckou tematikou<\/li><li>Po\u010d\u00favanie spr\u00e1vy ATIS s n\u00e1sledn\u00fdm dek\u00f3dovan\u00edm<\/li><li>Komunik\u00e1cia s ATC po\u010das simulovan\u00e9ho letu pod\u013ea scen\u00e1ra<\/li><\/ul>\t\t\t\t\t\t\t\t<\/div>\n\t\t\t\t<\/div>\n\t\t\t\t<div class=\"elementor-element elementor-element-cf269ce elementor-widget elementor-widget-spacer\" data-id=\"cf269ce\" data-element_type=\"widget\" data-e-type=\"widget\" data-widget_type=\"spacer.default\">\n\t\t\t\t<div class=\"elementor-widget-container\">\n\t\t\t\t\t\t\t<div class=\"elementor-spacer\">\n\t\t\t<div class=\"elementor-spacer-inner\"><\/div>\n\t\t<\/div>\n\t\t\t\t\t\t<\/div>\n\t\t\t\t<\/div>\n\t\t\t\t<div class=\"elementor-element elementor-element-2491b00 elementor-widget__width-initial elementor-widget-mobile__width-inherit elementor-widget elementor-widget-heading\" data-id=\"2491b00\" data-element_type=\"widget\" data-e-type=\"widget\" data-widget_type=\"heading.default\">\n\t\t\t\t<div class=\"elementor-widget-container\">\n\t\t\t\t\t<h2 class=\"elementor-heading-title elementor-size-default\">Hodnoten\u00e9 oblasti<\/h2>\t\t\t\t<\/div>\n\t\t\t\t<\/div>\n\t\t\t\t<div class=\"elementor-element elementor-element-ad51e6f elementor-widget elementor-widget-spacer\" data-id=\"ad51e6f\" data-element_type=\"widget\" data-e-type=\"widget\" data-widget_type=\"spacer.default\">\n\t\t\t\t<div class=\"elementor-widget-container\">\n\t\t\t\t\t\t\t<div class=\"elementor-spacer\">\n\t\t\t<div class=\"elementor-spacer-inner\"><\/div>\n\t\t<\/div>\n\t\t\t\t\t\t<\/div>\n\t\t\t\t<\/div>\n\t\t\t\t<div class=\"elementor-element elementor-element-f4eafa1 elementor-widget elementor-widget-text-editor\" data-id=\"f4eafa1\" data-element_type=\"widget\" data-e-type=\"widget\" data-widget_type=\"text-editor.default\">\n\t\t\t\t<div class=\"elementor-widget-container\">\n\t\t\t\t\t\t\t\t\t<p style=\"text-align: left;\">Examin\u00e1tori hodnotia po\u010das jazykov\u00e9ho presk\u00fa\u0161ania \u00farove\u0148 v \u0161iestich jazykov\u00fdch oblastiach:<\/p><ul><li>v\u00fdslovnos\u0165<\/li><li>gramatika a vetn\u00e1 skladba<\/li><li>slovn\u00e1 z\u00e1soba<\/li><li>plynulos\u0165 re\u010di<\/li><li>porozumenie<\/li><li>interakcia<\/li><\/ul><p>Ka\u017ed\u00e1 z oblast\u00ed je ohodnoten\u00e1 \u00farov\u0148ou 1 a\u017e 6. <strong>Najni\u017e\u0161ia hodnota zo v\u0161etk\u00fdch jazykov\u00fdch oblast\u00ed<\/strong> je kone\u010dn\u00fdm v\u00fdsledkom cel\u00e9ho presk\u00fa\u0161ania &#8211; ICAO English Level.<\/p>\t\t\t\t\t\t\t\t<\/div>\n\t\t\t\t<\/div>\n\t\t\t\t<div class=\"elementor-element elementor-element-bbbaf0f elementor-widget elementor-widget-spacer\" data-id=\"bbbaf0f\" data-element_type=\"widget\" data-e-type=\"widget\" data-widget_type=\"spacer.default\">\n\t\t\t\t<div class=\"elementor-widget-container\">\n\t\t\t\t\t\t\t<div class=\"elementor-spacer\">\n\t\t\t<div class=\"elementor-spacer-inner\"><\/div>\n\t\t<\/div>\n\t\t\t\t\t\t<\/div>\n\t\t\t\t<\/div>\n\t\t\t\t<div class=\"elementor-element elementor-element-3711d39 elementor-widget elementor-widget-spacer\" data-id=\"3711d39\" data-element_type=\"widget\" data-e-type=\"widget\" data-widget_type=\"spacer.default\">\n\t\t\t\t<div class=\"elementor-widget-container\">\n\t\t\t\t\t\t\t<div class=\"elementor-spacer\">\n\t\t\t<div class=\"elementor-spacer-inner\"><\/div>\n\t\t<\/div>\n\t\t\t\t\t\t<\/div>\n\t\t\t\t<\/div>\n\t\t\t\t<div class=\"elementor-element elementor-element-91019e2 elementor-widget__width-initial elementor-widget-mobile__width-inherit elementor-widget elementor-widget-heading\" data-id=\"91019e2\" data-element_type=\"widget\" data-e-type=\"widget\" data-widget_type=\"heading.default\">\n\t\t\t\t<div class=\"elementor-widget-container\">\n\t\t\t\t\t<h2 class=\"elementor-heading-title elementor-size-default\">\u00darovne a platnosti sk\u00fa\u0161ky ICAO EN<\/h2>\t\t\t\t<\/div>\n\t\t\t\t<\/div>\n\t\t\t\t<div class=\"elementor-element elementor-element-3f05328 elementor-widget elementor-widget-spacer\" data-id=\"3f05328\" data-element_type=\"widget\" data-e-type=\"widget\" data-widget_type=\"spacer.default\">\n\t\t\t\t<div class=\"elementor-widget-container\">\n\t\t\t\t\t\t\t<div class=\"elementor-spacer\">\n\t\t\t<div class=\"elementor-spacer-inner\"><\/div>\n\t\t<\/div>\n\t\t\t\t\t\t<\/div>\n\t\t\t\t<\/div>\n\t\t\t\t<div class=\"elementor-element elementor-element-8a38547 elementor-widget elementor-widget-text-editor\" data-id=\"8a38547\" data-element_type=\"widget\" data-e-type=\"widget\" data-widget_type=\"text-editor.default\">\n\t\t\t\t<div class=\"elementor-widget-container\">\n\t\t\t\t\t\t\t\t\t<p>ICAO Level 4 &#8211; <strong>Operational Level<\/strong> \u2013 platn\u00fd po dobu 4 rokov <u>(minim\u00e1lna prev\u00e1dzkov\u00e1 \u00farove\u0148 jazykovej sp\u00f4sobilosti)<\/u><\/p><p>ICAO Level 5 \u2013 <strong>Extended Level<\/strong> \u2013 platn\u00fd po dobu 6 rokov<\/p><p>ICAO Level 6 \u2013 <strong>Expert Level <\/strong>\u2013 neobmedzen\u00e1 platnos\u0165 (bez expir\u00e1cie)<\/p>\t\t\t\t\t\t\t\t<\/div>\n\t\t\t\t<\/div>\n\t\t\t\t<\/div>\n\t\t\t\t<\/div>\n\t\t\t\t\t<\/div>\n\t\t\t\t<\/div>\n\t\t<div class=\"elementor-element elementor-element-57d1927 e-flex e-con-boxed e-con e-parent\" data-id=\"57d1927\" data-element_type=\"container\" data-e-type=\"container\">\n\t\t\t\t\t<div class=\"e-con-inner\">\n\t\t\t\t<div class=\"elementor-element elementor-element-25c8c1e elementor-widget elementor-widget-spacer\" data-id=\"25c8c1e\" data-element_type=\"widget\" data-e-type=\"widget\" data-widget_type=\"spacer.default\">\n\t\t\t\t<div class=\"elementor-widget-container\">\n\t\t\t\t\t\t\t<div class=\"elementor-spacer\">\n\t\t\t<div class=\"elementor-spacer-inner\"><\/div>\n\t\t<\/div>\n\t\t\t\t\t\t<\/div>\n\t\t\t\t<\/div>\n\t\t\t\t<div class=\"elementor-element elementor-element-479aa88 elementor-widget elementor-widget-image\" data-id=\"479aa88\" data-element_type=\"widget\" data-e-type=\"widget\" data-widget_type=\"image.default\">\n\t\t\t\t<div class=\"elementor-widget-container\">\n\t\t\t\t\t\t\t\t\t\t\t\t\t\t\t<img fetchpriority=\"high\" decoding=\"async\" width=\"520\" height=\"736\" src=\"https:\/\/safe2sky.eu\/wp-content\/uploads\/2025\/09\/ICAO_certifikat2_37a762ca47.png\" class=\"attachment-large size-large wp-image-1929\" alt=\"\" srcset=\"https:\/\/safe2sky.eu\/wp-content\/uploads\/2025\/09\/ICAO_certifikat2_37a762ca47.png 520w, https:\/\/safe2sky.eu\/wp-content\/uploads\/2025\/09\/ICAO_certifikat2_37a762ca47-212x300.png 212w\" sizes=\"(max-width: 520px) 100vw, 520px\" \/>\t\t\t\t\t\t\t\t\t\t\t\t\t\t\t<\/div>\n\t\t\t\t<\/div>\n\t\t\t\t<div class=\"elementor-element elementor-element-44c78d3 elementor-widget elementor-widget-spacer\" data-id=\"44c78d3\" data-element_type=\"widget\" data-e-type=\"widget\" data-widget_type=\"spacer.default\">\n\t\t\t\t<div class=\"elementor-widget-container\">\n\t\t\t\t\t\t\t<div class=\"elementor-spacer\">\n\t\t\t<div class=\"elementor-spacer-inner\"><\/div>\n\t\t<\/div>\n\t\t\t\t\t\t<\/div>\n\t\t\t\t<\/div>\n\t\t\t\t<div class=\"elementor-element elementor-element-15965e4 elementor-widget elementor-widget-spacer\" data-id=\"15965e4\" data-element_type=\"widget\" data-e-type=\"widget\" data-widget_type=\"spacer.default\">\n\t\t\t\t<div class=\"elementor-widget-container\">\n\t\t\t\t\t\t\t<div class=\"elementor-spacer\">\n\t\t\t<div class=\"elementor-spacer-inner\"><\/div>\n\t\t<\/div>\n\t\t\t\t\t\t<\/div>\n\t\t\t\t<\/div>\n\t\t\t\t\t<\/div>\n\t\t\t\t<\/div>\n\t\t\t\t<\/div>\n\t\t","protected":false},"excerpt":{"rendered":"<p>ICAO ANGLI\u010cTINA Obsah sk\u00fa\u0161ky ICAO EN Rozhovor na v\u0161eobecn\u00fa t\u00e9mu V\u00fdklad odborn\u00fdch term\u00ednov \u010c\u00edtanie skratiek a \u010d\u00edsel s pou\u017eit\u00edm leteckej [&hellip;]<\/p>\n","protected":false},"author":1,"featured_media":0,"parent":0,"menu_order":0,"comment_status":"closed","ping_status":"closed","template":"","meta":{"site-sidebar-layout":"no-sidebar","site-content-layout":"","ast-site-content-layout":"full-width-container","site-content-style":"default","site-sidebar-style":"default","ast-global-header-display":"","ast-banner-title-visibility":"","ast-main-header-display":"","ast-hfb-above-header-display":"","ast-hfb-below-header-display":"","ast-hfb-mobile-header-display":"","site-post-title":"disabled","ast-breadcrumbs-content":"","ast-featured-img":"disabled","footer-sml-layout":"","theme-transparent-header-meta":"default","adv-header-id-meta":"","stick-header-meta":"","header-above-stick-meta":"","header-main-stick-meta":"","header-below-stick-meta":"","astra-migrate-meta-layouts":"set","ast-page-background-enabled":"default","ast-page-background-meta":{"desktop":{"background-color":"var(--ast-global-color-5)","background-image":"","background-repeat":"repeat","background-position":"center center","background-size":"auto","background-attachment":"scroll","background-type":"","background-media":"","overlay-type":"","overlay-color":"","overlay-opacity":"","overlay-gradient":""},"tablet":{"background-color":"","background-image":"","background-repeat":"repeat","background-position":"center center","background-size":"auto","background-attachment":"scroll","background-type":"","background-media":"","overlay-type":"","overlay-color":"","overlay-opacity":"","overlay-gradient":""},"mobile":{"background-color":"","background-image":"","background-repeat":"repeat","background-position":"center center","background-size":"auto","background-attachment":"scroll","background-type":"","background-media":"","overlay-type":"","overlay-color":"","overlay-opacity":"","overlay-gradient":""}},"ast-content-background-meta":{"desktop":{"background-color":"var(--ast-global-color-4)","background-image":"","background-repeat":"repeat","background-position":"center center","background-size":"auto","background-attachment":"scroll","background-type":"","background-media":"","overlay-type":"","overlay-color":"","overlay-opacity":"","overlay-gradient":""},"tablet":{"background-color":"var(--ast-global-color-4)","background-image":"","background-repeat":"repeat","background-position":"center center","background-size":"auto","background-attachment":"scroll","background-type":"","background-media":"","overlay-type":"","overlay-color":"","overlay-opacity":"","overlay-gradient":""},"mobile":{"background-color":"var(--ast-global-color-4)","background-image":"","background-repeat":"repeat","background-position":"center center","background-size":"auto","background-attachment":"scroll","background-type":"","background-media":"","overlay-type":"","overlay-color":"","overlay-opacity":"","overlay-gradient":""}},"footnotes":""},"class_list":["post-1932","page","type-page","status-publish","hentry"],"yoast_head":"<!-- This site is optimized with the Yoast SEO plugin v27.2 - https:\/\/yoast.com\/product\/yoast-seo-wordpress\/ -->\n<title>Leteck\u00e1 angli\u010dtina ICAO | \u0160pecializovan\u00fd v\u00fdcvik pre pilotov<\/title>\n<meta name=\"description\" content=\"Pripravte sa na sk\u00fa\u0161ky ICAO pomocou kurzov angli\u010dtiny od Safe2Sky Training. Z\u00edskajte potrebn\u00fa kvalifik\u00e1ciu pre medzin\u00e1rodn\u00fa leteck\u00fa komunik\u00e1ciu s profesion\u00e1lmi z odvetvia.\" \/>\n<meta name=\"robots\" content=\"index, follow, max-snippet:-1, max-image-preview:large, max-video-preview:-1\" \/>\n<link rel=\"canonical\" href=\"https:\/\/safe2sky.eu\/sk\/icao-anglictina\/\" \/>\n<meta property=\"og:locale\" content=\"sk_SK\" \/>\n<meta property=\"og:type\" content=\"article\" \/>\n<meta property=\"og:title\" content=\"Leteck\u00e1 angli\u010dtina ICAO | \u0160pecializovan\u00fd v\u00fdcvik pre pilotov\" \/>\n<meta property=\"og:description\" content=\"Pripravte sa na sk\u00fa\u0161ky ICAO pomocou kurzov angli\u010dtiny od Safe2Sky Training. Z\u00edskajte potrebn\u00fa kvalifik\u00e1ciu pre medzin\u00e1rodn\u00fa leteck\u00fa komunik\u00e1ciu s profesion\u00e1lmi z odvetvia.\" \/>\n<meta property=\"og:url\" content=\"https:\/\/safe2sky.eu\/sk\/icao-anglictina\/\" \/>\n<meta property=\"og:site_name\" content=\"Pilotn\u00ed \u0161kola | Safe2Sky Training | Leteck\u00fd v\u00fdcvik\" \/>\n<meta property=\"article:modified_time\" content=\"2025-12-09T14:27:20+00:00\" \/>\n<meta property=\"og:image\" content=\"https:\/\/safe2sky.eu\/wp-content\/uploads\/2025\/09\/ICAO_certifikat2_37a762ca47.png\" \/>\n\t<meta property=\"og:image:width\" content=\"520\" \/>\n\t<meta property=\"og:image:height\" content=\"736\" \/>\n\t<meta property=\"og:image:type\" content=\"image\/png\" \/>\n<meta name=\"twitter:card\" content=\"summary_large_image\" \/>\n<meta name=\"twitter:label1\" content=\"Predpokladan\u00fd \u010das \u010d\u00edtania\" \/>\n\t<meta name=\"twitter:data1\" content=\"1 min\u00fata\" \/>\n<script type=\"application\/ld+json\" class=\"yoast-schema-graph\">{\"@context\":\"https:\/\/schema.org\",\"@graph\":[{\"@type\":\"WebPage\",\"@id\":\"https:\/\/safe2sky.eu\/sk\/icao-anglictina\/\",\"url\":\"https:\/\/safe2sky.eu\/sk\/icao-anglictina\/\",\"name\":\"Leteck\u00e1 angli\u010dtina ICAO | \u0160pecializovan\u00fd v\u00fdcvik pre pilotov\",\"isPartOf\":{\"@id\":\"https:\/\/safe2sky.eu\/sk\/#website\"},\"primaryImageOfPage\":{\"@id\":\"https:\/\/safe2sky.eu\/sk\/icao-anglictina\/#primaryimage\"},\"image\":{\"@id\":\"https:\/\/safe2sky.eu\/sk\/icao-anglictina\/#primaryimage\"},\"thumbnailUrl\":\"https:\/\/safe2sky.eu\/wp-content\/uploads\/2025\/09\/ICAO_certifikat2_37a762ca47.png\",\"datePublished\":\"2025-09-16T10:21:31+00:00\",\"dateModified\":\"2025-12-09T14:27:20+00:00\",\"description\":\"Pripravte sa na sk\u00fa\u0161ky ICAO pomocou kurzov angli\u010dtiny od Safe2Sky Training. Z\u00edskajte potrebn\u00fa kvalifik\u00e1ciu pre medzin\u00e1rodn\u00fa leteck\u00fa komunik\u00e1ciu s profesion\u00e1lmi z odvetvia.\",\"breadcrumb\":{\"@id\":\"https:\/\/safe2sky.eu\/sk\/icao-anglictina\/#breadcrumb\"},\"inLanguage\":\"sk-SK\",\"potentialAction\":[{\"@type\":\"ReadAction\",\"target\":[\"https:\/\/safe2sky.eu\/sk\/icao-anglictina\/\"]}]},{\"@type\":\"ImageObject\",\"inLanguage\":\"sk-SK\",\"@id\":\"https:\/\/safe2sky.eu\/sk\/icao-anglictina\/#primaryimage\",\"url\":\"https:\/\/safe2sky.eu\/wp-content\/uploads\/2025\/09\/ICAO_certifikat2_37a762ca47.png\",\"contentUrl\":\"https:\/\/safe2sky.eu\/wp-content\/uploads\/2025\/09\/ICAO_certifikat2_37a762ca47.png\"},{\"@type\":\"BreadcrumbList\",\"@id\":\"https:\/\/safe2sky.eu\/sk\/icao-anglictina\/#breadcrumb\",\"itemListElement\":[{\"@type\":\"ListItem\",\"position\":1,\"name\":\"Dom\u016f\",\"item\":\"https:\/\/safe2sky.eu\/sk\/\"},{\"@type\":\"ListItem\",\"position\":2,\"name\":\"ICAO ANGLI\u010cTINA\"}]},{\"@type\":\"WebSite\",\"@id\":\"https:\/\/safe2sky.eu\/sk\/#website\",\"url\":\"https:\/\/safe2sky.eu\/sk\/\",\"name\":\"Safe2Sky\",\"description\":\"Safe2Sky Training Center \u2013 profesion\u00e1ln\u00ed pilotn\u00ed \u0161kola zam\u011b\u0159en\u00e1 na kvalitn\u00ed leteck\u00fd v\u00fdcvik a individu\u00e1ln\u00ed p\u0159\u00edstup. Nau\u010dte se pilotovat Cirrus od odborn\u00edk\u016f.\",\"publisher\":{\"@id\":\"https:\/\/safe2sky.eu\/sk\/#organization\"},\"potentialAction\":[{\"@type\":\"SearchAction\",\"target\":{\"@type\":\"EntryPoint\",\"urlTemplate\":\"https:\/\/safe2sky.eu\/sk\/?s={search_term_string}\"},\"query-input\":{\"@type\":\"PropertyValueSpecification\",\"valueRequired\":true,\"valueName\":\"search_term_string\"}}],\"inLanguage\":\"sk-SK\"},{\"@type\":\"Organization\",\"@id\":\"https:\/\/safe2sky.eu\/sk\/#organization\",\"name\":\"Safe2Sky\",\"url\":\"https:\/\/safe2sky.eu\/sk\/\",\"logo\":{\"@type\":\"ImageObject\",\"inLanguage\":\"sk-SK\",\"@id\":\"https:\/\/safe2sky.eu\/sk\/#\/schema\/logo\/image\/\",\"url\":\"https:\/\/safe2sky.eu\/wp-content\/uploads\/2025\/08\/image-3320.png\",\"contentUrl\":\"https:\/\/safe2sky.eu\/wp-content\/uploads\/2025\/08\/image-3320.png\",\"width\":563,\"height\":137,\"caption\":\"Safe2Sky\"},\"image\":{\"@id\":\"https:\/\/safe2sky.eu\/sk\/#\/schema\/logo\/image\/\"}}]}<\/script>\n<!-- \/ Yoast SEO plugin. -->","yoast_head_json":{"title":"Leteck\u00e1 angli\u010dtina ICAO | \u0160pecializovan\u00fd v\u00fdcvik pre pilotov","description":"Pripravte sa na sk\u00fa\u0161ky ICAO pomocou kurzov angli\u010dtiny od Safe2Sky Training. Z\u00edskajte potrebn\u00fa kvalifik\u00e1ciu pre medzin\u00e1rodn\u00fa leteck\u00fa komunik\u00e1ciu s profesion\u00e1lmi z odvetvia.","robots":{"index":"index","follow":"follow","max-snippet":"max-snippet:-1","max-image-preview":"max-image-preview:large","max-video-preview":"max-video-preview:-1"},"canonical":"https:\/\/safe2sky.eu\/sk\/icao-anglictina\/","og_locale":"sk_SK","og_type":"article","og_title":"Leteck\u00e1 angli\u010dtina ICAO | \u0160pecializovan\u00fd v\u00fdcvik pre pilotov","og_description":"Pripravte sa na sk\u00fa\u0161ky ICAO pomocou kurzov angli\u010dtiny od Safe2Sky Training. Z\u00edskajte potrebn\u00fa kvalifik\u00e1ciu pre medzin\u00e1rodn\u00fa leteck\u00fa komunik\u00e1ciu s profesion\u00e1lmi z odvetvia.","og_url":"https:\/\/safe2sky.eu\/sk\/icao-anglictina\/","og_site_name":"Pilotn\u00ed \u0161kola | Safe2Sky Training | Leteck\u00fd v\u00fdcvik","article_modified_time":"2025-12-09T14:27:20+00:00","og_image":[{"width":520,"height":736,"url":"https:\/\/safe2sky.eu\/wp-content\/uploads\/2025\/09\/ICAO_certifikat2_37a762ca47.png","type":"image\/png"}],"twitter_card":"summary_large_image","twitter_misc":{"Predpokladan\u00fd \u010das \u010d\u00edtania":"1 min\u00fata"},"schema":{"@context":"https:\/\/schema.org","@graph":[{"@type":"WebPage","@id":"https:\/\/safe2sky.eu\/sk\/icao-anglictina\/","url":"https:\/\/safe2sky.eu\/sk\/icao-anglictina\/","name":"Leteck\u00e1 angli\u010dtina ICAO | \u0160pecializovan\u00fd v\u00fdcvik pre pilotov","isPartOf":{"@id":"https:\/\/safe2sky.eu\/sk\/#website"},"primaryImageOfPage":{"@id":"https:\/\/safe2sky.eu\/sk\/icao-anglictina\/#primaryimage"},"image":{"@id":"https:\/\/safe2sky.eu\/sk\/icao-anglictina\/#primaryimage"},"thumbnailUrl":"https:\/\/safe2sky.eu\/wp-content\/uploads\/2025\/09\/ICAO_certifikat2_37a762ca47.png","datePublished":"2025-09-16T10:21:31+00:00","dateModified":"2025-12-09T14:27:20+00:00","description":"Pripravte sa na sk\u00fa\u0161ky ICAO pomocou kurzov angli\u010dtiny od Safe2Sky Training. Z\u00edskajte potrebn\u00fa kvalifik\u00e1ciu pre medzin\u00e1rodn\u00fa leteck\u00fa komunik\u00e1ciu s profesion\u00e1lmi z odvetvia.","breadcrumb":{"@id":"https:\/\/safe2sky.eu\/sk\/icao-anglictina\/#breadcrumb"},"inLanguage":"sk-SK","potentialAction":[{"@type":"ReadAction","target":["https:\/\/safe2sky.eu\/sk\/icao-anglictina\/"]}]},{"@type":"ImageObject","inLanguage":"sk-SK","@id":"https:\/\/safe2sky.eu\/sk\/icao-anglictina\/#primaryimage","url":"https:\/\/safe2sky.eu\/wp-content\/uploads\/2025\/09\/ICAO_certifikat2_37a762ca47.png","contentUrl":"https:\/\/safe2sky.eu\/wp-content\/uploads\/2025\/09\/ICAO_certifikat2_37a762ca47.png"},{"@type":"BreadcrumbList","@id":"https:\/\/safe2sky.eu\/sk\/icao-anglictina\/#breadcrumb","itemListElement":[{"@type":"ListItem","position":1,"name":"Dom\u016f","item":"https:\/\/safe2sky.eu\/sk\/"},{"@type":"ListItem","position":2,"name":"ICAO ANGLI\u010cTINA"}]},{"@type":"WebSite","@id":"https:\/\/safe2sky.eu\/sk\/#website","url":"https:\/\/safe2sky.eu\/sk\/","name":"Safe2Sky","description":"Safe2Sky Training Center \u2013 profesion\u00e1ln\u00ed pilotn\u00ed \u0161kola zam\u011b\u0159en\u00e1 na kvalitn\u00ed leteck\u00fd v\u00fdcvik a individu\u00e1ln\u00ed p\u0159\u00edstup. Nau\u010dte se pilotovat Cirrus od odborn\u00edk\u016f.","publisher":{"@id":"https:\/\/safe2sky.eu\/sk\/#organization"},"potentialAction":[{"@type":"SearchAction","target":{"@type":"EntryPoint","urlTemplate":"https:\/\/safe2sky.eu\/sk\/?s={search_term_string}"},"query-input":{"@type":"PropertyValueSpecification","valueRequired":true,"valueName":"search_term_string"}}],"inLanguage":"sk-SK"},{"@type":"Organization","@id":"https:\/\/safe2sky.eu\/sk\/#organization","name":"Safe2Sky","url":"https:\/\/safe2sky.eu\/sk\/","logo":{"@type":"ImageObject","inLanguage":"sk-SK","@id":"https:\/\/safe2sky.eu\/sk\/#\/schema\/logo\/image\/","url":"https:\/\/safe2sky.eu\/wp-content\/uploads\/2025\/08\/image-3320.png","contentUrl":"https:\/\/safe2sky.eu\/wp-content\/uploads\/2025\/08\/image-3320.png","width":563,"height":137,"caption":"Safe2Sky"},"image":{"@id":"https:\/\/safe2sky.eu\/sk\/#\/schema\/logo\/image\/"}}]}},"_links":{"self":[{"href":"https:\/\/safe2sky.eu\/sk\/wp-json\/wp\/v2\/pages\/1932","targetHints":{"allow":["GET"]}}],"collection":[{"href":"https:\/\/safe2sky.eu\/sk\/wp-json\/wp\/v2\/pages"}],"about":[{"href":"https:\/\/safe2sky.eu\/sk\/wp-json\/wp\/v2\/types\/page"}],"author":[{"embeddable":true,"href":"https:\/\/safe2sky.eu\/sk\/wp-json\/wp\/v2\/users\/1"}],"replies":[{"embeddable":true,"href":"https:\/\/safe2sky.eu\/sk\/wp-json\/wp\/v2\/comments?post=1932"}],"version-history":[{"count":4,"href":"https:\/\/safe2sky.eu\/sk\/wp-json\/wp\/v2\/pages\/1932\/revisions"}],"predecessor-version":[{"id":3660,"href":"https:\/\/safe2sky.eu\/sk\/wp-json\/wp\/v2\/pages\/1932\/revisions\/3660"}],"wp:attachment":[{"href":"https:\/\/safe2sky.eu\/sk\/wp-json\/wp\/v2\/media?parent=1932"}],"curies":[{"name":"wp","href":"https:\/\/api.w.org\/{rel}","templated":true}]}}