{"id":4709,"date":"2026-01-29T21:45:07","date_gmt":"2026-01-29T20:45:07","guid":{"rendered":"https:\/\/safe2sky.eu\/kariera\/"},"modified":"2026-03-30T09:43:11","modified_gmt":"2026-03-30T08:43:11","slug":"kariera","status":"publish","type":"page","link":"https:\/\/safe2sky.eu\/sk\/kariera\/","title":{"rendered":"Kari\u00e9ra"},"content":{"rendered":"\t\t<div data-elementor-type=\"wp-page\" data-elementor-id=\"4709\" class=\"elementor elementor-4709 elementor-4227\" data-elementor-post-type=\"page\">\n\t\t\t\t<div class=\"elementor-element elementor-element-3e2a752 e-flex e-con-boxed e-con e-parent\" data-id=\"3e2a752\" data-element_type=\"container\" data-e-type=\"container\" data-settings=\"{&quot;background_background&quot;:&quot;video&quot;}\">\n\t\t\t\t\t<div class=\"e-con-inner\">\n\t\t<div class=\"elementor-element elementor-element-109c43b e-con-full e-flex e-con e-child\" data-id=\"109c43b\" data-element_type=\"container\" data-e-type=\"container\" data-settings=\"{&quot;background_background&quot;:&quot;classic&quot;}\">\n\t\t<div class=\"elementor-element elementor-element-5728f0f e-con-full e-flex e-con e-child\" data-id=\"5728f0f\" data-element_type=\"container\" data-e-type=\"container\">\n\t\t\t\t<div class=\"elementor-element elementor-element-31e373c elementor-widget elementor-widget-heading\" data-id=\"31e373c\" data-element_type=\"widget\" data-e-type=\"widget\" data-widget_type=\"heading.default\">\n\t\t\t\t<div class=\"elementor-widget-container\">\n\t\t\t\t\t<h1 class=\"elementor-heading-title elementor-size-default\">Kari\u00e9ra<\/h1>\t\t\t\t<\/div>\n\t\t\t\t<\/div>\n\t\t\t\t<\/div>\n\t\t<div class=\"elementor-element elementor-element-9fd5636 e-con-full e-flex e-con e-child\" data-id=\"9fd5636\" data-element_type=\"container\" data-e-type=\"container\" data-settings=\"{&quot;background_background&quot;:&quot;classic&quot;}\">\n\t\t\t\t<div class=\"elementor-element elementor-element-7833b5e elementor-widget elementor-widget-text-editor\" data-id=\"7833b5e\" data-element_type=\"widget\" data-e-type=\"widget\" data-widget_type=\"text-editor.default\">\n\t\t\t\t<div class=\"elementor-widget-container\">\n\t\t\t\t\t\t\t\t\t<h3><span style=\"color: #ffffff;\">Objavte svoju bud\u00facnos\u0165 so SAFE2SKY. Pozrite si na\u0161e aktu\u00e1lne vo\u013en\u00e9 poz\u00edcie a ak v\u00e1s niektor\u00e1 zaujme, nap\u00ed\u0161te n\u00e1m na <a style=\"color: #ffffff;\" href=\"mailto:office@cirrus.cz\">office@cirrus.cz<\/a>. <\/span><\/h3>\t\t\t\t\t\t\t\t<\/div>\n\t\t\t\t<\/div>\n\t\t\t\t<\/div>\n\t\t\t\t<\/div>\n\t\t\t\t\t<\/div>\n\t\t\t\t<\/div>\n\t\t<div class=\"elementor-element elementor-element-4e6c20e e-flex e-con-boxed e-con e-parent\" data-id=\"4e6c20e\" data-element_type=\"container\" data-e-type=\"container\">\n\t\t\t\t\t<div class=\"e-con-inner\">\n\t\t<div class=\"elementor-element elementor-element-ffa2a4d e-con-full e-flex e-con e-child\" data-id=\"ffa2a4d\" data-element_type=\"container\" data-e-type=\"container\">\n\t\t<div class=\"elementor-element elementor-element-7df2805 e-con-full e-flex e-con e-child\" data-id=\"7df2805\" data-element_type=\"container\" data-e-type=\"container\">\n\t\t\t\t<div class=\"elementor-element elementor-element-87fa4fe elementor-widget elementor-widget-spacer\" data-id=\"87fa4fe\" data-element_type=\"widget\" data-e-type=\"widget\" data-widget_type=\"spacer.default\">\n\t\t\t\t<div class=\"elementor-widget-container\">\n\t\t\t\t\t\t\t<div class=\"elementor-spacer\">\n\t\t\t<div class=\"elementor-spacer-inner\"><\/div>\n\t\t<\/div>\n\t\t\t\t\t\t<\/div>\n\t\t\t\t<\/div>\n\t\t\t\t<div class=\"elementor-element elementor-element-e74e9c0 elementor-widget elementor-widget-heading\" data-id=\"e74e9c0\" data-element_type=\"widget\" data-e-type=\"widget\" data-widget_type=\"heading.default\">\n\t\t\t\t<div class=\"elementor-widget-container\">\n\t\t\t\t\t<h2 class=\"elementor-heading-title elementor-size-default\">Aktu\u00e1lne vo\u013en\u00e9 pracovn\u00e9 miesta<\/h2>\t\t\t\t<\/div>\n\t\t\t\t<\/div>\n\t\t\t\t<\/div>\n\t\t\t\t<\/div>\n\t\t\t\t<div class=\"elementor-element elementor-element-5468668 elementor-widget elementor-widget-spacer\" data-id=\"5468668\" data-element_type=\"widget\" data-e-type=\"widget\" data-widget_type=\"spacer.default\">\n\t\t\t\t<div class=\"elementor-widget-container\">\n\t\t\t\t\t\t\t<div class=\"elementor-spacer\">\n\t\t\t<div class=\"elementor-spacer-inner\"><\/div>\n\t\t<\/div>\n\t\t\t\t\t\t<\/div>\n\t\t\t\t<\/div>\n\t\t\t\t\t<\/div>\n\t\t\t\t<\/div>\n\t\t<div class=\"elementor-element elementor-element-6775368 e-grid e-con-boxed e-con e-parent\" data-id=\"6775368\" data-element_type=\"container\" data-e-type=\"container\">\n\t\t\t\t\t<div class=\"e-con-inner\">\n\t\t\t\t<div class=\"elementor-element elementor-element-f30dd03 elementor-widget elementor-widget-heading\" data-id=\"f30dd03\" data-element_type=\"widget\" data-e-type=\"widget\" data-widget_type=\"heading.default\">\n\t\t\t\t<div class=\"elementor-widget-container\">\n\t\t\t\t\t<h3 class=\"elementor-heading-title elementor-size-default\">In\u0161truktor \/ firemn\u00fd pilot<\/h3>\t\t\t\t<\/div>\n\t\t\t\t<\/div>\n\t\t\t\t<div class=\"elementor-element elementor-element-2b59b14 elementor-widget elementor-widget-heading\" data-id=\"2b59b14\" data-element_type=\"widget\" data-e-type=\"widget\" data-widget_type=\"heading.default\">\n\t\t\t\t<div class=\"elementor-widget-container\">\n\t\t\t\t\t<h3 class=\"elementor-heading-title elementor-size-default\">Spr\u00e1vca odbornej pr\u00edpravy<\/h3>\t\t\t\t<\/div>\n\t\t\t\t<\/div>\n\t\t\t\t<div class=\"elementor-element elementor-element-bf72211 elementor-widget elementor-widget-heading\" data-id=\"bf72211\" data-element_type=\"widget\" data-e-type=\"widget\" data-widget_type=\"heading.default\">\n\t\t\t\t<div class=\"elementor-widget-container\">\n\t\t\t\t\t<h3 class=\"elementor-heading-title elementor-size-default\">Manipul\u00e1cia s lietadlami<\/h3>\t\t\t\t<\/div>\n\t\t\t\t<\/div>\n\t\t\t\t<div class=\"elementor-element elementor-element-a741ddd elementor-align-center elementor-widget elementor-widget-button\" data-id=\"a741ddd\" data-element_type=\"widget\" data-e-type=\"widget\" data-widget_type=\"button.default\">\n\t\t\t\t<div class=\"elementor-widget-container\">\n\t\t\t\t\t\t\t\t\t<div class=\"elementor-button-wrapper\">\n\t\t\t\t\t<a class=\"elementor-button elementor-button-link elementor-size-sm\" href=\"https:\/\/safe2sky.eu\/wp-content\/uploads\/2026\/01\/Pilot_Instruktor_inzera\u0301t_260128.pdf\" target=\"_blank\">\n\t\t\t\t\t\t<span class=\"elementor-button-content-wrapper\">\n\t\t\t\t\t\t\t\t\t<span class=\"elementor-button-text\">PDF na stiahnutie<\/span>\n\t\t\t\t\t<\/span>\n\t\t\t\t\t<\/a>\n\t\t\t\t<\/div>\n\t\t\t\t\t\t\t\t<\/div>\n\t\t\t\t<\/div>\n\t\t\t\t<div class=\"elementor-element elementor-element-f0345fd elementor-align-center elementor-widget elementor-widget-button\" data-id=\"f0345fd\" data-element_type=\"widget\" data-e-type=\"widget\" data-widget_type=\"button.default\">\n\t\t\t\t<div class=\"elementor-widget-container\">\n\t\t\t\t\t\t\t\t\t<div class=\"elementor-button-wrapper\">\n\t\t\t\t\t<a class=\"elementor-button elementor-button-link elementor-size-sm\" href=\"https:\/\/safe2sky.eu\/wp-content\/uploads\/2026\/01\/Training-Administrator_inzera\u0301t_260112.pdf\" target=\"_blank\">\n\t\t\t\t\t\t<span class=\"elementor-button-content-wrapper\">\n\t\t\t\t\t\t\t\t\t<span class=\"elementor-button-text\">PDF na stiahnutie<\/span>\n\t\t\t\t\t<\/span>\n\t\t\t\t\t<\/a>\n\t\t\t\t<\/div>\n\t\t\t\t\t\t\t\t<\/div>\n\t\t\t\t<\/div>\n\t\t\t\t<div class=\"elementor-element elementor-element-5ace811 elementor-align-center elementor-widget elementor-widget-button\" data-id=\"5ace811\" data-element_type=\"widget\" data-e-type=\"widget\" data-widget_type=\"button.default\">\n\t\t\t\t<div class=\"elementor-widget-container\">\n\t\t\t\t\t\t\t\t\t<div class=\"elementor-button-wrapper\">\n\t\t\t\t\t<a class=\"elementor-button elementor-button-link elementor-size-sm\" href=\"https:\/\/safe2sky.eu\/wp-content\/uploads\/2026\/01\/Handling-letadel_inzera\u0301t_260128.pdf\" target=\"_blank\">\n\t\t\t\t\t\t<span class=\"elementor-button-content-wrapper\">\n\t\t\t\t\t\t\t\t\t<span class=\"elementor-button-text\">PDF na stiahnutie<\/span>\n\t\t\t\t\t<\/span>\n\t\t\t\t\t<\/a>\n\t\t\t\t<\/div>\n\t\t\t\t\t\t\t\t<\/div>\n\t\t\t\t<\/div>\n\t\t\t\t<div class=\"elementor-element elementor-element-b774857 elementor-widget elementor-widget-heading\" data-id=\"b774857\" data-element_type=\"widget\" data-e-type=\"widget\" data-widget_type=\"heading.default\">\n\t\t\t\t<div class=\"elementor-widget-container\">\n\t\t\t\t\t<h3 class=\"elementor-heading-title elementor-size-default\">\u0160pecialista na faktur\u00e1ciu<\/h3>\t\t\t\t<\/div>\n\t\t\t\t<\/div>\n\t\t\t\t<div class=\"elementor-element elementor-element-ea321f1 elementor-widget elementor-widget-heading\" data-id=\"ea321f1\" data-element_type=\"widget\" data-e-type=\"widget\" data-widget_type=\"heading.default\">\n\t\t\t\t<div class=\"elementor-widget-container\">\n\t\t\t\t\t<h3 class=\"elementor-heading-title elementor-size-default\">Mana\u017e\u00e9r marketingu a podujat\u00ed<\/h3>\t\t\t\t<\/div>\n\t\t\t\t<\/div>\n\t\t\t\t<div class=\"elementor-element elementor-element-d4f7254 elementor-widget elementor-widget-heading\" data-id=\"d4f7254\" data-element_type=\"widget\" data-e-type=\"widget\" data-widget_type=\"heading.default\">\n\t\t\t\t<div class=\"elementor-widget-container\">\n\t\t\t\t\t<h3 class=\"elementor-heading-title elementor-size-default\">Ved\u00faci kancel\u00e1rie<\/h3>\t\t\t\t<\/div>\n\t\t\t\t<\/div>\n\t\t\t\t<div class=\"elementor-element elementor-element-107bddb elementor-align-center elementor-widget elementor-widget-button\" data-id=\"107bddb\" data-element_type=\"widget\" data-e-type=\"widget\" data-widget_type=\"button.default\">\n\t\t\t\t<div class=\"elementor-widget-container\">\n\t\t\t\t\t\t\t\t\t<div class=\"elementor-button-wrapper\">\n\t\t\t\t\t<a class=\"elementor-button elementor-button-link elementor-size-sm\" href=\"https:\/\/safe2sky.eu\/wp-content\/uploads\/2026\/01\/Fakturac\u030cni\u0301-specialista_inzera\u0301t_260128.pdf\" target=\"_blank\">\n\t\t\t\t\t\t<span class=\"elementor-button-content-wrapper\">\n\t\t\t\t\t\t\t\t\t<span class=\"elementor-button-text\">PDF na stiahnutie<\/span>\n\t\t\t\t\t<\/span>\n\t\t\t\t\t<\/a>\n\t\t\t\t<\/div>\n\t\t\t\t\t\t\t\t<\/div>\n\t\t\t\t<\/div>\n\t\t\t\t<div class=\"elementor-element elementor-element-4b1b621 elementor-align-center elementor-widget elementor-widget-button\" data-id=\"4b1b621\" data-element_type=\"widget\" data-e-type=\"widget\" data-widget_type=\"button.default\">\n\t\t\t\t<div class=\"elementor-widget-container\">\n\t\t\t\t\t\t\t\t\t<div class=\"elementor-button-wrapper\">\n\t\t\t\t\t<a class=\"elementor-button elementor-button-link elementor-size-sm\" href=\"https:\/\/safe2sky.eu\/wp-content\/uploads\/2026\/01\/Marketing-Event-Manager_inzera\u0301t_260128.pdf\" target=\"_blank\">\n\t\t\t\t\t\t<span class=\"elementor-button-content-wrapper\">\n\t\t\t\t\t\t\t\t\t<span class=\"elementor-button-text\">PDF na stiahnutie<\/span>\n\t\t\t\t\t<\/span>\n\t\t\t\t\t<\/a>\n\t\t\t\t<\/div>\n\t\t\t\t\t\t\t\t<\/div>\n\t\t\t\t<\/div>\n\t\t\t\t<div class=\"elementor-element elementor-element-544f68c elementor-align-center elementor-widget elementor-widget-button\" data-id=\"544f68c\" data-element_type=\"widget\" data-e-type=\"widget\" data-widget_type=\"button.default\">\n\t\t\t\t<div class=\"elementor-widget-container\">\n\t\t\t\t\t\t\t\t\t<div class=\"elementor-button-wrapper\">\n\t\t\t\t\t<a class=\"elementor-button elementor-button-link elementor-size-sm\" href=\"https:\/\/safe2sky.eu\/wp-content\/uploads\/2026\/01\/Office-Manager_inzera\u0301t_260128.pdf\" target=\"_blank\">\n\t\t\t\t\t\t<span class=\"elementor-button-content-wrapper\">\n\t\t\t\t\t\t\t\t\t<span class=\"elementor-button-text\">PDF na stiahnutie<\/span>\n\t\t\t\t\t<\/span>\n\t\t\t\t\t<\/a>\n\t\t\t\t<\/div>\n\t\t\t\t\t\t\t\t<\/div>\n\t\t\t\t<\/div>\n\t\t\t\t\t<\/div>\n\t\t\t\t<\/div>\n\t\t<div class=\"elementor-element elementor-element-40416ef e-flex e-con-boxed e-con e-parent\" data-id=\"40416ef\" data-element_type=\"container\" data-e-type=\"container\">\n\t\t\t\t\t<div class=\"e-con-inner\">\n\t\t<div class=\"elementor-element elementor-element-85bcff4 e-con-full e-flex e-con e-child\" data-id=\"85bcff4\" data-element_type=\"container\" data-e-type=\"container\">\n\t\t<div class=\"elementor-element elementor-element-a47976c e-con-full e-flex e-con e-child\" data-id=\"a47976c\" data-element_type=\"container\" data-e-type=\"container\">\n\t\t\t\t<div class=\"elementor-element elementor-element-d983858 elementor-widget elementor-widget-spacer\" data-id=\"d983858\" data-element_type=\"widget\" data-e-type=\"widget\" data-widget_type=\"spacer.default\">\n\t\t\t\t<div class=\"elementor-widget-container\">\n\t\t\t\t\t\t\t<div class=\"elementor-spacer\">\n\t\t\t<div class=\"elementor-spacer-inner\"><\/div>\n\t\t<\/div>\n\t\t\t\t\t\t<\/div>\n\t\t\t\t<\/div>\n\t\t\t\t<div class=\"elementor-element elementor-element-73d591b elementor-widget elementor-widget-text-editor\" data-id=\"73d591b\" data-element_type=\"widget\" data-e-type=\"widget\" data-widget_type=\"text-editor.default\">\n\t\t\t\t<div class=\"elementor-widget-container\">\n\t\t\t\t\t\t\t\t\t<h3>Ak m\u00e1te z\u00e1ujem o pracovn\u00fa poz\u00edciu, po\u0161lite n\u00e1m e-mail na <a href=\"mailto:office@cirrus.cz\">adresu office@cirrus.cz<\/a><\/h3>\t\t\t\t\t\t\t\t<\/div>\n\t\t\t\t<\/div>\n\t\t\t\t<div class=\"elementor-element elementor-element-8bf6424 elementor-widget elementor-widget-spacer\" data-id=\"8bf6424\" data-element_type=\"widget\" data-e-type=\"widget\" data-widget_type=\"spacer.default\">\n\t\t\t\t<div class=\"elementor-widget-container\">\n\t\t\t\t\t\t\t<div class=\"elementor-spacer\">\n\t\t\t<div class=\"elementor-spacer-inner\"><\/div>\n\t\t<\/div>\n\t\t\t\t\t\t<\/div>\n\t\t\t\t<\/div>\n\t\t\t\t<\/div>\n\t\t\t\t<\/div>\n\t\t\t\t\t<\/div>\n\t\t\t\t<\/div>\n\t\t\t\t<\/div>\n\t\t","protected":false},"excerpt":{"rendered":"<p>Kari\u00e9ra Objavte svoju bud\u00facnos\u0165 so SAFE2SKY. Pozrite si na\u0161e aktu\u00e1lne vo\u013en\u00e9 poz\u00edcie a ak v\u00e1s niektor\u00e1 zaujme, nap\u00ed\u0161te n\u00e1m na [&hellip;]<\/p>\n","protected":false},"author":3,"featured_media":0,"parent":0,"menu_order":0,"comment_status":"closed","ping_status":"closed","template":"","meta":{"site-sidebar-layout":"no-sidebar","site-content-layout":"","ast-site-content-layout":"full-width-container","site-content-style":"default","site-sidebar-style":"default","ast-global-header-display":"","ast-banner-title-visibility":"","ast-main-header-display":"","ast-hfb-above-header-display":"","ast-hfb-below-header-display":"","ast-hfb-mobile-header-display":"","site-post-title":"disabled","ast-breadcrumbs-content":"","ast-featured-img":"disabled","footer-sml-layout":"","theme-transparent-header-meta":"default","adv-header-id-meta":"","stick-header-meta":"","header-above-stick-meta":"","header-main-stick-meta":"","header-below-stick-meta":"","astra-migrate-meta-layouts":"default","ast-page-background-enabled":"default","ast-page-background-meta":{"desktop":{"background-color":"var(--ast-global-color-5)","background-image":"","background-repeat":"repeat","background-position":"center center","background-size":"auto","background-attachment":"scroll","background-type":"","background-media":"","overlay-type":"","overlay-color":"","overlay-opacity":"","overlay-gradient":""},"tablet":{"background-color":"","background-image":"","background-repeat":"repeat","background-position":"center center","background-size":"auto","background-attachment":"scroll","background-type":"","background-media":"","overlay-type":"","overlay-color":"","overlay-opacity":"","overlay-gradient":""},"mobile":{"background-color":"","background-image":"","background-repeat":"repeat","background-position":"center center","background-size":"auto","background-attachment":"scroll","background-type":"","background-media":"","overlay-type":"","overlay-color":"","overlay-opacity":"","overlay-gradient":""}},"ast-content-background-meta":{"desktop":{"background-color":"var(--ast-global-color-4)","background-image":"","background-repeat":"repeat","background-position":"center center","background-size":"auto","background-attachment":"scroll","background-type":"","background-media":"","overlay-type":"","overlay-color":"","overlay-opacity":"","overlay-gradient":""},"tablet":{"background-color":"var(--ast-global-color-4)","background-image":"","background-repeat":"repeat","background-position":"center center","background-size":"auto","background-attachment":"scroll","background-type":"","background-media":"","overlay-type":"","overlay-color":"","overlay-opacity":"","overlay-gradient":""},"mobile":{"background-color":"var(--ast-global-color-4)","background-image":"","background-repeat":"repeat","background-position":"center center","background-size":"auto","background-attachment":"scroll","background-type":"","background-media":"","overlay-type":"","overlay-color":"","overlay-opacity":"","overlay-gradient":""}},"footnotes":""},"class_list":["post-4709","page","type-page","status-publish","hentry"],"yoast_head":"<!-- This site is optimized with the Yoast SEO plugin v27.2 - https:\/\/yoast.com\/product\/yoast-seo-wordpress\/ -->\n<title>Kari\u00e9ra | SAFE2SKY<\/title>\n<meta name=\"description\" content=\"Pozrite si aktu\u00e1lne vo\u013en\u00e9 pracovn\u00e9 miesta a stiahnite si kompletn\u00e9 pracovn\u00e9 ponuky vo form\u00e1te PDF.\" \/>\n<meta name=\"robots\" content=\"index, follow, max-snippet:-1, max-image-preview:large, max-video-preview:-1\" \/>\n<link rel=\"canonical\" href=\"https:\/\/safe2sky.eu\/sk\/kariera\/\" \/>\n<meta property=\"og:locale\" content=\"sk_SK\" \/>\n<meta property=\"og:type\" content=\"article\" \/>\n<meta property=\"og:title\" content=\"Kari\u00e9ra | SAFE2SKY\" \/>\n<meta property=\"og:description\" content=\"Pozrite si aktu\u00e1lne vo\u013en\u00e9 pracovn\u00e9 miesta a stiahnite si kompletn\u00e9 pracovn\u00e9 ponuky vo form\u00e1te PDF.\" \/>\n<meta property=\"og:url\" content=\"https:\/\/safe2sky.eu\/sk\/kariera\/\" \/>\n<meta property=\"og:site_name\" content=\"Pilotn\u00ed \u0161kola | Safe2Sky Training | Leteck\u00fd v\u00fdcvik\" \/>\n<meta property=\"article:modified_time\" content=\"2026-03-30T08:43:11+00:00\" \/>\n<meta name=\"twitter:card\" content=\"summary_large_image\" \/>\n<meta name=\"twitter:label1\" content=\"Predpokladan\u00fd \u010das \u010d\u00edtania\" \/>\n\t<meta name=\"twitter:data1\" content=\"1 min\u00fata\" \/>\n<script type=\"application\/ld+json\" class=\"yoast-schema-graph\">{\"@context\":\"https:\/\/schema.org\",\"@graph\":[{\"@type\":\"WebPage\",\"@id\":\"https:\/\/safe2sky.eu\/sk\/kariera\/\",\"url\":\"https:\/\/safe2sky.eu\/sk\/kariera\/\",\"name\":\"Kari\u00e9ra | SAFE2SKY\",\"isPartOf\":{\"@id\":\"https:\/\/safe2sky.eu\/sk\/#website\"},\"datePublished\":\"2026-01-29T20:45:07+00:00\",\"dateModified\":\"2026-03-30T08:43:11+00:00\",\"description\":\"Pozrite si aktu\u00e1lne vo\u013en\u00e9 pracovn\u00e9 miesta a stiahnite si kompletn\u00e9 pracovn\u00e9 ponuky vo form\u00e1te PDF.\",\"breadcrumb\":{\"@id\":\"https:\/\/safe2sky.eu\/sk\/kariera\/#breadcrumb\"},\"inLanguage\":\"sk-SK\",\"potentialAction\":[{\"@type\":\"ReadAction\",\"target\":[\"https:\/\/safe2sky.eu\/sk\/kariera\/\"]}]},{\"@type\":\"BreadcrumbList\",\"@id\":\"https:\/\/safe2sky.eu\/sk\/kariera\/#breadcrumb\",\"itemListElement\":[{\"@type\":\"ListItem\",\"position\":1,\"name\":\"Dom\u016f\",\"item\":\"https:\/\/safe2sky.eu\/sk\/\"},{\"@type\":\"ListItem\",\"position\":2,\"name\":\"Kari\u00e9ra\"}]},{\"@type\":\"WebSite\",\"@id\":\"https:\/\/safe2sky.eu\/sk\/#website\",\"url\":\"https:\/\/safe2sky.eu\/sk\/\",\"name\":\"Safe2Sky\",\"description\":\"Safe2Sky Training Center \u2013 profesion\u00e1ln\u00ed pilotn\u00ed \u0161kola zam\u011b\u0159en\u00e1 na kvalitn\u00ed leteck\u00fd v\u00fdcvik a individu\u00e1ln\u00ed p\u0159\u00edstup. Nau\u010dte se pilotovat Cirrus od odborn\u00edk\u016f.\",\"publisher\":{\"@id\":\"https:\/\/safe2sky.eu\/sk\/#organization\"},\"potentialAction\":[{\"@type\":\"SearchAction\",\"target\":{\"@type\":\"EntryPoint\",\"urlTemplate\":\"https:\/\/safe2sky.eu\/sk\/?s={search_term_string}\"},\"query-input\":{\"@type\":\"PropertyValueSpecification\",\"valueRequired\":true,\"valueName\":\"search_term_string\"}}],\"inLanguage\":\"sk-SK\"},{\"@type\":\"Organization\",\"@id\":\"https:\/\/safe2sky.eu\/sk\/#organization\",\"name\":\"Safe2Sky\",\"url\":\"https:\/\/safe2sky.eu\/sk\/\",\"logo\":{\"@type\":\"ImageObject\",\"inLanguage\":\"sk-SK\",\"@id\":\"https:\/\/safe2sky.eu\/sk\/#\/schema\/logo\/image\/\",\"url\":\"https:\/\/safe2sky.eu\/wp-content\/uploads\/2025\/08\/image-3320.png\",\"contentUrl\":\"https:\/\/safe2sky.eu\/wp-content\/uploads\/2025\/08\/image-3320.png\",\"width\":563,\"height\":137,\"caption\":\"Safe2Sky\"},\"image\":{\"@id\":\"https:\/\/safe2sky.eu\/sk\/#\/schema\/logo\/image\/\"}}]}<\/script>\n<!-- \/ Yoast SEO plugin. -->","yoast_head_json":{"title":"Kari\u00e9ra | SAFE2SKY","description":"Pozrite si aktu\u00e1lne vo\u013en\u00e9 pracovn\u00e9 miesta a stiahnite si kompletn\u00e9 pracovn\u00e9 ponuky vo form\u00e1te PDF.","robots":{"index":"index","follow":"follow","max-snippet":"max-snippet:-1","max-image-preview":"max-image-preview:large","max-video-preview":"max-video-preview:-1"},"canonical":"https:\/\/safe2sky.eu\/sk\/kariera\/","og_locale":"sk_SK","og_type":"article","og_title":"Kari\u00e9ra | SAFE2SKY","og_description":"Pozrite si aktu\u00e1lne vo\u013en\u00e9 pracovn\u00e9 miesta a stiahnite si kompletn\u00e9 pracovn\u00e9 ponuky vo form\u00e1te PDF.","og_url":"https:\/\/safe2sky.eu\/sk\/kariera\/","og_site_name":"Pilotn\u00ed \u0161kola | Safe2Sky Training | Leteck\u00fd v\u00fdcvik","article_modified_time":"2026-03-30T08:43:11+00:00","twitter_card":"summary_large_image","twitter_misc":{"Predpokladan\u00fd \u010das \u010d\u00edtania":"1 min\u00fata"},"schema":{"@context":"https:\/\/schema.org","@graph":[{"@type":"WebPage","@id":"https:\/\/safe2sky.eu\/sk\/kariera\/","url":"https:\/\/safe2sky.eu\/sk\/kariera\/","name":"Kari\u00e9ra | SAFE2SKY","isPartOf":{"@id":"https:\/\/safe2sky.eu\/sk\/#website"},"datePublished":"2026-01-29T20:45:07+00:00","dateModified":"2026-03-30T08:43:11+00:00","description":"Pozrite si aktu\u00e1lne vo\u013en\u00e9 pracovn\u00e9 miesta a stiahnite si kompletn\u00e9 pracovn\u00e9 ponuky vo form\u00e1te PDF.","breadcrumb":{"@id":"https:\/\/safe2sky.eu\/sk\/kariera\/#breadcrumb"},"inLanguage":"sk-SK","potentialAction":[{"@type":"ReadAction","target":["https:\/\/safe2sky.eu\/sk\/kariera\/"]}]},{"@type":"BreadcrumbList","@id":"https:\/\/safe2sky.eu\/sk\/kariera\/#breadcrumb","itemListElement":[{"@type":"ListItem","position":1,"name":"Dom\u016f","item":"https:\/\/safe2sky.eu\/sk\/"},{"@type":"ListItem","position":2,"name":"Kari\u00e9ra"}]},{"@type":"WebSite","@id":"https:\/\/safe2sky.eu\/sk\/#website","url":"https:\/\/safe2sky.eu\/sk\/","name":"Safe2Sky","description":"Safe2Sky Training Center \u2013 profesion\u00e1ln\u00ed pilotn\u00ed \u0161kola zam\u011b\u0159en\u00e1 na kvalitn\u00ed leteck\u00fd v\u00fdcvik a individu\u00e1ln\u00ed p\u0159\u00edstup. Nau\u010dte se pilotovat Cirrus od odborn\u00edk\u016f.","publisher":{"@id":"https:\/\/safe2sky.eu\/sk\/#organization"},"potentialAction":[{"@type":"SearchAction","target":{"@type":"EntryPoint","urlTemplate":"https:\/\/safe2sky.eu\/sk\/?s={search_term_string}"},"query-input":{"@type":"PropertyValueSpecification","valueRequired":true,"valueName":"search_term_string"}}],"inLanguage":"sk-SK"},{"@type":"Organization","@id":"https:\/\/safe2sky.eu\/sk\/#organization","name":"Safe2Sky","url":"https:\/\/safe2sky.eu\/sk\/","logo":{"@type":"ImageObject","inLanguage":"sk-SK","@id":"https:\/\/safe2sky.eu\/sk\/#\/schema\/logo\/image\/","url":"https:\/\/safe2sky.eu\/wp-content\/uploads\/2025\/08\/image-3320.png","contentUrl":"https:\/\/safe2sky.eu\/wp-content\/uploads\/2025\/08\/image-3320.png","width":563,"height":137,"caption":"Safe2Sky"},"image":{"@id":"https:\/\/safe2sky.eu\/sk\/#\/schema\/logo\/image\/"}}]}},"_links":{"self":[{"href":"https:\/\/safe2sky.eu\/sk\/wp-json\/wp\/v2\/pages\/4709","targetHints":{"allow":["GET"]}}],"collection":[{"href":"https:\/\/safe2sky.eu\/sk\/wp-json\/wp\/v2\/pages"}],"about":[{"href":"https:\/\/safe2sky.eu\/sk\/wp-json\/wp\/v2\/types\/page"}],"author":[{"embeddable":true,"href":"https:\/\/safe2sky.eu\/sk\/wp-json\/wp\/v2\/users\/3"}],"replies":[{"embeddable":true,"href":"https:\/\/safe2sky.eu\/sk\/wp-json\/wp\/v2\/comments?post=4709"}],"version-history":[{"count":1,"href":"https:\/\/safe2sky.eu\/sk\/wp-json\/wp\/v2\/pages\/4709\/revisions"}],"predecessor-version":[{"id":4712,"href":"https:\/\/safe2sky.eu\/sk\/wp-json\/wp\/v2\/pages\/4709\/revisions\/4712"}],"wp:attachment":[{"href":"https:\/\/safe2sky.eu\/sk\/wp-json\/wp\/v2\/media?parent=4709"}],"curies":[{"name":"wp","href":"https:\/\/api.w.org\/{rel}","templated":true}]}}